{"id":86,"date":"2015-04-07T02:17:58","date_gmt":"2015-04-07T00:17:58","guid":{"rendered":"http:\/\/theme-fusion.com\/avada\/?page_id=86"},"modified":"2023-12-01T16:11:18","modified_gmt":"2023-12-01T15:11:18","slug":"contact","status":"publish","type":"page","link":"http:\/\/cms.raumdarstellung.org\/?page_id=86","title":{"rendered":"Kontakt"},"content":{"rendered":"<div class=\"fusion-fullwidth fullwidth-box fusion-parallax-none\" style=\"border-color:#eae9e9;border-bottom-width: 0px;border-top-width: 0px;border-bottom-style: solid;border-top-style: solid;padding-bottom:20px;padding-left:0px;padding-right:0px;padding-top:20px;background-position:left top;background-repeat:no-repeat;-webkit-background-size:cover;-moz-background-size:cover;-o-background-size:cover;background-size:cover;\"><div class=\"fusion-row\">\t\t\t<script type=\"text\/javascript\">\n\t\t\t\tvar map_fusion_map_69e1d0628bdb9;\n\t\t\t\tvar markers = [];\n\t\t\t\tvar counter = 0;\n\t\t\t\tfunction fusion_run_map_fusion_map_69e1d0628bdb9() {\n\t\t\t\t\tjQuery('#fusion_map_69e1d0628bdb9').fusion_maps({\n\t\t\t\t\t\taddresses: [{\"address\":\"Walter-Kolb-Stra\\u00dfe 1-3 60594 Frankfurt am Main\",\"infobox_content\":\"Walter-Kolb-Stra\\u00dfe 1-3 60594 Frankfurt am Main\",\"coordinates\":false,\"cache\":false}],\n\t\t\t\t\t\tanimations: true,\n\t\t\t\t\t\tinfobox_background_color: '#2295cc',\n\t\t\t\t\t\tinfobox_styling: 'default',\n\t\t\t\t\t\tinfobox_text_color: '#ffffff',\n\t\t\t\t\t\tmap_style: 'custom',\n\t\t\t\t\t\tmap_type: 'roadmap',\n\t\t\t\t\t\tmarker_icon: '',\n\t\t\t\t\t\toverlay_color: '#2295cc',\n\t\t\t\t\t\toverlay_color_hsl: {\"hue\":141,\"sat\":71,\"lum\":47},\n\t\t\t\t\t\tpan_control: false,\n\t\t\t\t\t\tshow_address: false,\n\t\t\t\t\t\tscale_control: true,\n\t\t\t\t\t\tscrollwheel: true,\n\t\t\t\t\t\tzoom: 16,\n\t\t\t\t\t\tzoom_control: false,\n\t\t\t\t\t});\n\t\t\t\t}\n\n\t\t\t\tgoogle.maps.event.addDomListener(window, 'load', fusion_run_map_fusion_map_69e1d0628bdb9);\n\t\t\t<\/script>\n\t\t\t<div class=\"shortcode-map fusion-google-map\" id=\"fusion_map_69e1d0628bdb9\" style=\"height:600px;width:100%;\"><\/div><div class=\"fusion-sep-clear\"><\/div><div class=\"fusion-separator fusion-full-width-sep sep-none\" style=\"border-color:#e0dede;margin-left: auto;margin-right: auto;margin-top:20px;\"><\/div><div class=\"fusion-title title\"><h1 class=\"title-heading-left\">Anreise<\/h1><div class=\"title-sep-container\"><div class=\"title-sep sep-single sep-solid\"><\/div><\/div><\/div><p>Mit dem Bus:<br \/>\nHaltestelle der Linie 36 in der Elisabethenstra\u00dfe.<\/p>\n<p>Mit dem Auto:<br \/>\nSchr\u00e4g gegen\u00fcber befindet sich das Parkhaus Alt-Sachsenhausen in der Walter-Kolb-Stra\u00dfe 16, das durchgehend 24\/7 geoffnet ist. Preise: pro angefangene Stunde 1,00\u20ac. (ohne Gew\u00e4hr).<\/p>\n<\/div><\/div><div class=\"fusion-sep-clear\"><\/div><div class=\"fusion-separator fusion-full-width-sep sep-none\" style=\"border-color:#e0dede;margin-left: auto;margin-right: auto;margin-top:20px;\"><\/div><div class=\"fusion-fullwidth fullwidth-box fusion-parallax-none\" style=\"border-color:#eae9e9;border-bottom-width: 0px;border-top-width: 0px;border-bottom-style: solid;border-top-style: solid;padding-bottom:20px;padding-left:0px;padding-right:0px;padding-top:20px;background-position:left top;background-repeat:no-repeat;-webkit-background-size:cover;-moz-background-size:cover;-o-background-size:cover;background-size:cover;\"><div class=\"fusion-row\"><div class=\"fusion-title title\"><h1 class=\"title-heading-left\">Mitarbeiterinnen und Mitarbeiter des IfR seit 2010<\/h1><div class=\"title-sep-container\"><div class=\"title-sep sep-single\"><\/div><\/div><\/div><\/div><\/div><div class=\"fusion-one-fourth fusion-layout-column fusion-spacing-yes\" style=\"margin-top:0px;margin-bottom:20px;\"><div class=\"fusion-column-wrapper\"><div class=\"fusion-person person\"><div class=\"person-desc\"><div class=\"person-author\"><div class=\"person-author-wrapper\"><span class=\"person-name\">Joachim Backes<\/span><span class=\"person-title\">Dipl.-Ing.<\/span><\/div><\/div><div class=\"person-content fusion-clearfix\">3D Modellierung, 3D Rekonstruktion, semantische Modellannotation<\/div><\/div><\/div><\/div><\/div><div class=\"fusion-one-fourth fusion-layout-column fusion-spacing-yes\" style=\"margin-top:0px;margin-bottom:20px;\"><div class=\"fusion-column-wrapper\"><div class=\"fusion-person person\"><div class=\"person-desc\"><div class=\"person-author\"><div class=\"person-author-wrapper\"><span class=\"person-name\">Benjamin Bockstette<\/span><span class=\"person-title\">Dipl.-Ing.<\/span><\/div><\/div><div class=\"person-content fusion-clearfix\">3D Modellierung, 3D Rekonstruktion, Modellanimation, Building Information Modelling, CAD, Rapid Prototyping<\/div><\/div><\/div><\/div><\/div><div class=\"fusion-one-fourth fusion-layout-column fusion-spacing-yes\" style=\"margin-top:0px;margin-bottom:20px;\"><div class=\"fusion-column-wrapper\"><div class=\"fusion-person person\"><div class=\"person-desc\"><div class=\"person-author\"><div class=\"person-author-wrapper\"><span class=\"person-name\">Daniel Dworak<\/span><span class=\"person-title\">MSc. Informatics (Computer Graphics and Multimedia)<\/span><\/div><\/div><div class=\"person-content fusion-clearfix\">Computer Graphics, 3D Modellierung, Programmierung<\/div><\/div><\/div><\/div><\/div><div class=\"fusion-one-fourth fusion-layout-column fusion-column-last fusion-spacing-yes\" style=\"margin-top:0px;margin-bottom:20px;\"><div class=\"fusion-column-wrapper\"><div class=\"fusion-person person\"><div class=\"person-desc\"><div class=\"person-author\"><div class=\"person-author-wrapper\"><span class=\"person-name\">Udo Gleim<\/span><span class=\"person-title\">Dipl.-Ing.<\/span><\/div><\/div><div class=\"person-content fusion-clearfix\">Projektbezogene bauhistorische Beratung<\/div><\/div><\/div><\/div><\/div><div class=\"fusion-clearfix\"><\/div><div class=\"fusion-one-fourth fusion-layout-column fusion-spacing-yes\" style=\"margin-top:0px;margin-bottom:20px;\"><div class=\"fusion-column-wrapper\"><div class=\"fusion-person person\"><div class=\"person-desc\"><div class=\"person-author\"><div class=\"person-author-wrapper\"><span class=\"person-name\">Oliver Hauck<\/span><span class=\"person-title\">Dipl.-Ing. Architekt AKH BDB<\/span><\/div><\/div><div class=\"person-content fusion-clearfix\">Institutsleitung, 3D Rekonstruktion, Modellanimation, Building Information Modelling, Rapid Prototyping, CHML, WissKI, Aufma\u00df, Structure from Motion, Filmschnitt, HDR Exponate, HDR Imaging, Panoramafotografie, Web Technologie, UAV Pilot<\/div><\/div><\/div><\/div><\/div><div class=\"fusion-one-fourth fusion-layout-column fusion-spacing-yes\" style=\"margin-top:0px;margin-bottom:20px;\"><div class=\"fusion-column-wrapper\"><div class=\"fusion-person person\"><div class=\"person-desc\"><div class=\"person-author\"><div class=\"person-author-wrapper\"><span class=\"person-name\">Seden Kemerdere<\/span><span class=\"person-title\">Dipl.-Ing.<\/span><\/div><\/div><div class=\"person-content fusion-clearfix\">3D Modellierung, 3D Rekonstruktion, Aufma\u00df, Building Information Modelling, CAD<\/div><\/div><\/div><\/div><\/div><div class=\"fusion-one-fourth fusion-layout-column fusion-spacing-yes\" style=\"margin-top:0px;margin-bottom:20px;\"><div class=\"fusion-column-wrapper\"><div class=\"fusion-person person\"><div class=\"person-desc\"><div class=\"person-author\"><div class=\"person-author-wrapper\"><span class=\"person-name\">Piotr Kuroczy\u0144ski<\/span><span class=\"person-title\">Dr.-Ing.<\/span><\/div><\/div><div class=\"person-content fusion-clearfix\">Projektentwicklung, Projektleitung, 3D Rekonstruktion<\/div><\/div><\/div><\/div><\/div><div class=\"fusion-one-fourth fusion-layout-column fusion-column-last fusion-spacing-yes\" style=\"margin-top:0px;margin-bottom:20px;\"><div class=\"fusion-column-wrapper\"><div class=\"fusion-person person\"><div class=\"person-desc\"><div class=\"person-author\"><div class=\"person-author-wrapper\"><span class=\"person-name\">Jan Eric Lutteroth<\/span><span class=\"person-title\">M.A.<\/span><\/div><\/div><div class=\"person-content fusion-clearfix\">3D Modellierung, Kunsthistorische Forschung, 3D Rekonstruktion, semantische Modellannotation<\/div><\/div><\/div><\/div><\/div><div class=\"fusion-clearfix\"><\/div><div class=\"fusion-one-fourth fusion-layout-column fusion-spacing-yes\" style=\"margin-top:0px;margin-bottom:20px;\"><div class=\"fusion-column-wrapper\"><div class=\"fusion-person person\"><div class=\"person-desc\"><div class=\"person-author\"><div class=\"person-author-wrapper\"><span class=\"person-name\">Andreas Noback<\/span><span class=\"person-title\">Dipl.-Ing.<\/span><\/div><\/div><div class=\"person-content fusion-clearfix\">Lichtsimulation, HDR Exponate, CHML, HDR Imaging, Panoramafotografie<\/div><\/div><\/div><\/div><\/div><div class=\"fusion-one-fourth fusion-layout-column fusion-column-last fusion-spacing-yes\" style=\"margin-top:0px;margin-bottom:20px;\"><div class=\"fusion-column-wrapper\"><div class=\"fusion-person person\"><div class=\"person-desc\"><div class=\"person-author\"><div class=\"person-author-wrapper\"><span class=\"person-name\">Anna Preiss<\/span><span class=\"person-title\"><\/span><\/div><\/div><div class=\"person-content fusion-clearfix\">3D Modellierung, 3D Rekonstruktion, Computer Graphics, Semantische 3D Annotation<\/div><\/div><\/div><\/div><\/div><div class=\"fusion-clearfix\"><\/div>\n","protected":false},"excerpt":{"rendered":"","protected":false},"author":1,"featured_media":0,"parent":0,"menu_order":0,"comment_status":"closed","ping_status":"closed","template":"","meta":[],"_links":{"self":[{"href":"http:\/\/cms.raumdarstellung.org\/index.php?rest_route=\/wp\/v2\/pages\/86"}],"collection":[{"href":"http:\/\/cms.raumdarstellung.org\/index.php?rest_route=\/wp\/v2\/pages"}],"about":[{"href":"http:\/\/cms.raumdarstellung.org\/index.php?rest_route=\/wp\/v2\/types\/page"}],"author":[{"embeddable":true,"href":"http:\/\/cms.raumdarstellung.org\/index.php?rest_route=\/wp\/v2\/users\/1"}],"replies":[{"embeddable":true,"href":"http:\/\/cms.raumdarstellung.org\/index.php?rest_route=%2Fwp%2Fv2%2Fcomments&post=86"}],"version-history":[{"count":48,"href":"http:\/\/cms.raumdarstellung.org\/index.php?rest_route=\/wp\/v2\/pages\/86\/revisions"}],"predecessor-version":[{"id":14764,"href":"http:\/\/cms.raumdarstellung.org\/index.php?rest_route=\/wp\/v2\/pages\/86\/revisions\/14764"}],"wp:attachment":[{"href":"http:\/\/cms.raumdarstellung.org\/index.php?rest_route=%2Fwp%2Fv2%2Fmedia&parent=86"}],"curies":[{"name":"wp","href":"https:\/\/api.w.org\/{rel}","templated":true}]}}