{"id":14026,"date":"2015-04-16T11:29:20","date_gmt":"2015-04-16T09:29:20","guid":{"rendered":"http:\/\/cms.raumdarstellung.org\/?page_id=14026"},"modified":"2015-05-05T01:03:18","modified_gmt":"2015-05-04T23:03:18","slug":"chml","status":"publish","type":"page","link":"http:\/\/cms.raumdarstellung.org\/?page_id=14026","title":{"rendered":"CHML"},"content":{"rendered":"<div class=\"fusion-fullwidth fullwidth-box fusion-parallax-none\" style=\"border-color:#eae9e9;border-bottom-width: 0px;border-top-width: 0px;border-bottom-style: solid;border-top-style: solid;padding-bottom:0px;padding-left:0px;padding-right:0px;padding-top:0px;background-position:left top;background-repeat:no-repeat;-webkit-background-size:cover;-moz-background-size:cover;-o-background-size:cover;background-size:cover;\"><div class=\"fusion-row\"><div class=\"fusion-slider-sc flexslider\" style=\"max-width:100%;height:100%;\"><ul class=\"slides\"><li class=\"image\"><img src=\"http:\/\/cms.raumdarstellung.org\/wp-content\/uploads\/2015\/04\/CHML_code.png\" \/><\/li><li class=\"image\"><img src=\"http:\/\/cms.raumdarstellung.org\/wp-content\/uploads\/2015\/04\/chml-graph.png\" \/><\/li><li class=\"image\"><img src=\"http:\/\/cms.raumdarstellung.org\/wp-content\/uploads\/2015\/04\/CHML_text.png\" \/><\/li><\/ul><\/div><\/div><\/div><div class=\"fusion-fullwidth fullwidth-box fusion-parallax-fixed\" style=\"border-color:#e5e4e4;border-bottom-width: 0px;border-top-width: 0px;border-bottom-style: solid;border-top-style: solid;padding-bottom:0px;padding-left:0px;padding-right:0px;padding-top:0px;background-attachment:fixed;background-position:center center;background-repeat:no-repeat;-webkit-background-size:cover;-moz-background-size:cover;-o-background-size:cover;background-size:cover;\"><div class=\"fusion-row\"><div class=\"fusion-title title\"><h2 class=\"title-heading-left\">CHML \u2013 Cultural Heritage Markup Language<\/h2><div class=\"title-sep-container\"><div class=\"title-sep sep-single\" style=\"border-color:#ffffff;\"><\/div><\/div><\/div><div class=\"fusion-one-half fusion-layout-column fusion-spacing-yes\" style=\"margin-top:0px;margin-bottom:20px;\"><div class=\"fusion-column-wrapper\"><p class=\"paragraph_style\">Die urspr\u00fcngliche Idee zu einer Auszeichnungssprache f\u00fcr das gebaute Kulturerbe stammt aus dem Jahr 2003 und wurde von O. Hauck und A. Noback auf dem Gemeinschaftsstand der Hessischen Universit\u00e4ten auf der Messe CeBIT im gleichen Jahr einer breiten Fach\u00f6ffentlichkeit pr\u00e4sentiert.<\/p>\n<div class=\"accordian fusion-accordian\"><div class=\"panel-group\" id=\"accordion-14026-1\"><div class=\"fusion-panel panel-default\"><div class=\"panel-heading\"><h4 class=\"panel-title toggle\"><a data-toggle=\"collapse\" data-parent=\"#accordion-14026-1\" data-target=\"#e70468e2045f0716a\" href=\"#e70468e2045f0716a\"><i class=\"fa-fusion-box\"><\/i><div class=\"fusion-toggle-heading\">Originalpost zu CHML aus dem Jahr 2003 auf archipelagus.de<\/div><\/a><\/h4><\/div><div id=\"e70468e2045f0716a\" class=\"panel-collapse collapse \"><div class=\"panel-body toggle-content\"><strong>CHML<\/strong><\/p>\n<p>Inhalte der Projektpr\u00e4sentation auf der CeBit 2003 in Hannover<\/p>\n<p>Einleitung<br \/>\nWissenschaftlichkeit<br \/>\nErfahrungen<br \/>\nZiele von CHML<br \/>\nAnsprechpartner<br \/>\nTechnische Anforderungen<br \/>\nMethodik<\/p>\n<p><strong>Einleitung<\/strong><\/p>\n<p>W\u00e4hrend das 20. Jahrhundert uns die Werkzeuge zur Erzeugung vieler unterschiedlicher digitaler Daten gab, halten wir es f\u00fcr die Aufgabe des beginnenden 21. Jahrhunderts, diese Daten sowohl grunds\u00e4tzlich verf\u00fcgbar und zug\u00e4nglich zu machen, als auch in ihrer Verf\u00fcgbarkeit dauerhaft zu sichern.<\/p>\n<p><strong>Wissenschaftlichkeit<\/strong><\/p>\n<p>Im Bereich des Rechnergest\u00fctzten Entwurfes (Computer Aided Design: CAD) werden dreidimensionale Modelle von historisch wertvollen Geb\u00e4uden angefertigt, um daraus h\u00fcbsche Bilder zu erzeugen. Hierbei werden zwar in der Regel f\u00fcr die Forschung relevante Ergebnisse erzielt, doch werden diese in den wenigsten F\u00e4llen wissenschaftlich aufbereitet und der Nachwelt zur Ver\u00fcgung gestellt. Dies f\u00fchrt dann h\u00e4ufig zum Beispiel dazu, dass das von einem Architekten angefertigte Modell einem Historiker noch nicht einmal zur wissenschaftlichen Arbeit zur Verf\u00fcgung steht, weil es ihm undokumentiert als Quelle nicht zug\u00e4nglich ist. Dies bedeutet, dass die wissenschaftliche Arbeit mit dreidimensionalen CAD-Modellen nur dann m\u00f6glich ist, wenn die Modelle mit ihren Quellen verbunden werden und somit nachvollziehbar und kritikf\u00e4hig werden.<\/p>\n<p><strong>Erfahrungen<\/strong><\/p>\n<p>In einem ersten Test haben wir 2002 eine Rekonstruktion der Propyl\u00e4en der Athener Akropolis angefertigt und beispielhaft dokumentiert. Dieses Projekt &#8211; Akropolis 4d &#8211; wurde mit Hilfe von HTML und PHP im Internet pr\u00e4sentiert. Nach diesen Erfahrungen sind wir der festen \u00dcberzeugung, dass XML das am besten geeignete Werkzeug zur Herstellung dieser Verkn\u00fcpfung und zur Steigerung der Kommunikation zwischen den Teilhabern am gebauten kulturellen Welterbe ist.<\/p>\n<p><strong>Ziele von CHML<\/strong><\/p>\n<p>CHML ist eine Auszeichnungssprache f\u00fcr das gebaute kulturelle Erbe der Menschheit. Da eine Auszeichnungssprache Elemente benennen und markieren kann, definiert CHML ein Datenformat f\u00fcr das gebaute Welterbe. Da CHML auf XML basiert, bietet es sich als neuer Standard f\u00fcr die Verwaltung aller in diesem Kontext anfallenden Daten an. Damit wird durch die XML-Validit\u00e4t auch ein Qualit\u00e4tsstandard f\u00fcr virtuelle Rekonstruktionen geschaffen. Ein solcher Standard k\u00f6nnte die Basis f\u00fcr v\u00f6llig neuen Anwendungen im Bereich des gebauten Weltkultuerbes sein, sowohl im fachlichen als auch z.B. touristischen Bereich.<\/p>\n<p><strong>Ansprechpartner<\/strong><\/p>\n<p>In der ersten Phase der Definition der Auszeichnungssprache richtet sich der Aufruf zur Mitarbeit an:<\/p>\n<ul>\n<li>Architekten<\/li>\n<li>Arch\u00e4ologen<\/li>\n<li>Kunsthistoriker<\/li>\n<li>Restauratoren<\/li>\n<li>Historiker<\/li>\n<li>Denlmalpfleger<\/li>\n<li>Vermesser<\/li>\n<\/ul>\n<p>In der zweiten Phase, in der Wege und M\u00f6glichkeiten der Ausgabe entwickelt werden sollen richtet sich der Aufruf zur Mitarbeit an Bereiche wie: In der zweiten Phase, in der Wege und M\u00f6glichkeiten der Ausgabe entwickelt werden sollen richtet sich der Aufruf zur Mitarbeit an Bereiche wie:<\/p>\n<ul>\n<li>Museen<\/li>\n<li>Internet<\/li>\n<li>Telekommunikation<\/li>\n<li>Verkehr<\/li>\n<li>Tourismus<\/li>\n<li>Verlage<\/li>\n<\/ul>\n<p><strong>Technische Anforderungen an CHML<\/strong><\/p>\n<p>Hauptanfordrung an CHML ist die Interoperabilit\u00e4t. Dies betrifft sowohl den Datenaustausch, die Datenspeicherung, als auch die Interoperabilit\u00e4t zwischen Anwendungen und auch Benutzern. Ein weiteres wichtiges Kriterium ist die M\u00f6glichkeit der Einbindung unterschiedlichster Inhalte wie Ein weiteres wichtiges Kriterium ist die M\u00f6glichkeit der Einbindung unterschiedlichster Inhalte wie<\/p>\n<ul>\n<li>Quellen in schriftlicher, medialer oder verkn\u00fcpfter Form<\/li>\n<li>Rekonstruktionen mit verkn\u00fcpften oder &#8222;Inline XML&#8220; 3d Objekten, der Rekonstruktionsdokumentation sowie der Verwaltung verschiedener Bauphasen und Rekonstruktionsvarianten<\/li>\n<li>arch\u00e4ologische Befunde und Bauaufnahmen betreffend die Kampagnendaten, Vermessungsdaten wie z.B. Punktwolken, photogrammetrische Daten, 2d-Pl\u00e4ne, unterschiedliche Medien und Kommentare wie z.B. Grabungsb\u00fccher<\/li>\n<li>Historische und Kulturelle Daten wie Ereignisse, Chronografien, kulturelle Bedeutung<\/li>\n<\/ul>\n<p><strong>Methodik von CHML<\/strong><\/p>\n<p>Der wichtigste methodische Ansatz ist die strikte Trennung von Inhalten und Erscheinungsbild. Im \u00dcbrigen muss immer auf die Unabh\u00e4ngigkeit von Anwendungen und Plattformen geachtet werden. Ein weiterer wichtiger Aspekt besteht in der Nutzung der Modularit\u00e4t von XML in Form von Namespaces. Dadurch muss nicht jedes Element neu erfunden werden, sondern es k\u00f6nnen bereits existierende XML-Sprachen auch teilweise in CHML eingebunden werden:<\/p>\n<ul>\n<li>XML \u2013 Extensible Markup Language<\/li>\n<li>XML Schema<\/li>\n<li>XLink<\/li>\n<li>XPath<\/li>\n<li>XSL \u2013 Extensible Stylesheet Language<\/li>\n<li>XSLT \u2013 XSL Transformation<\/li>\n<li>XSLT:FO \u2013 XSLT: Formatting Objects<\/li>\n<li>XHTML<\/li>\n<li>X3D<\/li>\n<li>MathML<\/li>\n<li>HEML \u2013 Historic Event Markup Language<\/li>\n<li>LANDXML<\/li>\n<li>aecXML<\/li>\n<li>DocBook<\/li>\n<li>SVG \u2013 Scalable Vector Graphics<\/li>\n<li>RadianceML<\/li>\n<li>XIDB<\/li>\n<\/ul>\n<p>O. Hauck, A. Noback, 2003<\/div><\/div><\/div><\/div><\/div><div class=\"fusion-sep-clear\"><\/div><div class=\"fusion-separator fusion-full-width-sep sep-none\" style=\"border-color:#e0dede;margin-left: auto;margin-right: auto;margin-top:0pxpx;margin-bottom:20pxpx;\"><\/div><p>Im Jahr 2014 wurde die Idee von O. Hauck und P. Kuroczynski wieder aufgegriffen und zur Version 1.0 weiter entwickelt. Alle weiteren Informationen finden Sie auf der CHML Microsite <a href=\"http:\/\/chml.foundation\" target=\"_blank\">chml.foundation<\/a>.<\/p>\n<\/div><\/div><div class=\"fusion-one-half fusion-layout-column fusion-column-last fusion-spacing-yes\" style=\"margin-top:0px;margin-bottom:20px;\"><div class=\"fusion-column-wrapper\"><div class=\"fusion-tabs fusion-tabs-1 classic horizontal-tabs\"><style type=\"text\/css\">.fusion-tabs.fusion-tabs-1 .nav-tabs li a{border-top-color:#f6f6f6;background-color:#f6f6f6;}.fusion-tabs.fusion-tabs-1 .nav-tabs{background-color:transparent;}.fusion-tabs.fusion-tabs-1 .nav-tabs li.active a,.fusion-tabs.fusion-tabs-1 .nav-tabs li.active a:hover,.fusion-tabs.fusion-tabs-1 .nav-tabs li.active a:focus{border-right-color:transparent;}.fusion-tabs.fusion-tabs-1 .nav-tabs li.active a,.fusion-tabs.fusion-tabs-1 .nav-tabs li.active a:hover,.fusion-tabs.fusion-tabs-1 .nav-tabs li.active a:focus{background-color:transparent;}.fusion-tabs.fusion-tabs-1 .nav-tabs li a:hover{background-color:transparent;border-top-color:transparent;}.fusion-tabs.fusion-tabs-1 .tab-pane{background-color:transparent;}.fusion-tabs.fusion-tabs-1 .nav,.fusion-tabs.fusion-tabs-1 .nav-tabs,.fusion-tabs.fusion-tabs-1 .tab-content .tab-pane{border-color:#2295cc;}<\/style><div class=\"nav\"><ul class=\"nav-tabs nav-justified\"><li class=\"active\"><a class=\"tab-link\" id=\"wisskisour\" href=\"#tab-779a25d1efc59affa60\" data-toggle=\"tab\"><h4 class=\"fusion-tab-heading\"><i class=\"fa fontawesome-icon fa-share-alt\"><\/i>WissKIsour<\/h4><\/a><\/li><li><a class=\"tab-link\" id=\"digitale3drekonstruktion\" href=\"#tab-d3fd420ffdeecafb54c\" data-toggle=\"tab\"><h4 class=\"fusion-tab-heading\"><i class=\"fa fontawesome-icon fa-cube\"><\/i>Digitale 3D Rekonstruktion<\/h4><\/a><\/li><li><a class=\"tab-link\" id=\"chml.foundation\" href=\"#tab-c17a2e713ce021527fb\" data-toggle=\"tab\"><h4 class=\"fusion-tab-heading\"><i class=\"fa fontawesome-icon fa-code\"><\/i>CHML.Foundation<\/h4><\/a><\/li><\/ul><\/div><div class=\"tab-content\"><div class=\"tab-pane fade in active\" id=\"tab-779a25d1efc59affa60\">WissKIsour ist eine Webontologie, die auf CHML basiert und CIDOC CRM als Referenzontologie verwendet. Somit wird die WissKI-Plattform zu einer virtuellen Forschungsumgebung f\u00fcr digitale 3D Rekonstruktionen.<br \/>\n<div class=\"fusion-sep-clear\"><\/div><div class=\"fusion-separator fusion-full-width-sep sep-none\" style=\"border-color:#e0dede;margin-left: auto;margin-right: auto;margin-top:10px;\"><\/div><div class=\"fusion-button-wrapper fusion-alignleft\"><style type=\"text\/css\" scoped=\"scoped\">.fusion-button.button-1{border-width:1px;color:#ffffff;border-color:#ffffff;}.fusion-button.button-1.button-3d{-webkit-box-shadow: inset 0px 1px 0px #fff,0px 2px 0px #397bb5,1px 4px 4px 2px rgba(0,0,0,0.3);-moz-box-shadow: inset 0px 1px 0px #fff,0px 2px 0px #397bb5,1px 4px 4px 2px rgba(0,0,0,0.3);box-shadow: inset 0px 1px 0px #fff,0px 2px 0px #397bb5,1px 4px 4px 2px rgba(0,0,0,0.3);}.button-1.button-3d:active{-webkit-box-shadow: inset 0px 1px 0px #fff,0px 2px 0px #397bb5,1px 4px 4px 2px rgba(0,0,0,0.3);-moz-box-shadow: inset 0px 1px 0px #fff,0px 2px 0px #397bb5,1px 4px 4px 2px rgba(0,0,0,0.3);box-shadow: inset 0px 1px 0px #fff,0px 2px 0px #397bb5,1px 4px 4px 2px rgba(0,0,0,0.3);}.fusion-button.button-1:hover,.fusion-button.button-1:focus,.fusion-button.button-1:active{border-width:1px;border-color:#000000;color:#000000;}.fusion-button.button-1{background: #2295cc;}.fusion-button.button-1:hover,.button-1:focus,.fusion-button.button-1:active{background: #cccccc;}<\/style><a class=\"fusion-button button-3d button-square button-small button-custom button-1\" target=\"_self\" href=\"http:\/\/cms.raumdarstellung.org\/?p=14025\"><span class=\"button-icon-divider-left\"><i class=\"fa fa-arrow-right\"><\/i><\/span><span class=\"fusion-button-text-left\">Mehr erfahren<\/span><\/a><\/div><div class=\"fusion-sep-clear\"><\/div><div class=\"fusion-separator fusion-full-width-sep sep-none\" style=\"border-color:#e0dede;margin-left: auto;margin-right: auto;margin-top:15px;\"><\/div><\/div><div class=\"tab-pane fade\" id=\"tab-d3fd420ffdeecafb54c\">Digitale 3D Rekonstruktionen k\u00f6nnen mittels CHML wissenschaftlich dokumentiert und Langzeitarchiviert werden.<br \/>\n<div class=\"fusion-sep-clear\"><\/div><div class=\"fusion-separator fusion-full-width-sep sep-none\" style=\"border-color:#e0dede;margin-left: auto;margin-right: auto;margin-top:10px;\"><\/div><div class=\"fusion-button-wrapper fusion-alignleft\"><style type=\"text\/css\" scoped=\"scoped\">.fusion-button.button-2{border-width:1px;color:#ffffff;border-color:#ffffff;}.fusion-button.button-2.button-3d{-webkit-box-shadow: inset 0px 1px 0px #fff,0px 2px 0px #397bb5,1px 4px 4px 2px rgba(0,0,0,0.3);-moz-box-shadow: inset 0px 1px 0px #fff,0px 2px 0px #397bb5,1px 4px 4px 2px rgba(0,0,0,0.3);box-shadow: inset 0px 1px 0px #fff,0px 2px 0px #397bb5,1px 4px 4px 2px rgba(0,0,0,0.3);}.button-2.button-3d:active{-webkit-box-shadow: inset 0px 1px 0px #fff,0px 2px 0px #397bb5,1px 4px 4px 2px rgba(0,0,0,0.3);-moz-box-shadow: inset 0px 1px 0px #fff,0px 2px 0px #397bb5,1px 4px 4px 2px rgba(0,0,0,0.3);box-shadow: inset 0px 1px 0px #fff,0px 2px 0px #397bb5,1px 4px 4px 2px rgba(0,0,0,0.3);}.fusion-button.button-2:hover,.fusion-button.button-2:focus,.fusion-button.button-2:active{border-width:1px;border-color:#000000;color:#000000;}.fusion-button.button-2{background: #2295cc;}.fusion-button.button-2:hover,.button-2:focus,.fusion-button.button-2:active{background: #cccccc;}<\/style><a class=\"fusion-button button-3d button-square button-small button-custom button-2\" target=\"_self\" href=\"http:\/\/cms.raumdarstellung.org\/?p=13990\"><span class=\"button-icon-divider-left\"><i class=\"fa fa-arrow-right\"><\/i><\/span><span class=\"fusion-button-text-left\">Mehr erfahren<\/span><\/a><\/div><div class=\"fusion-sep-clear\"><\/div><div class=\"fusion-separator fusion-full-width-sep sep-none\" style=\"border-color:#e0dede;margin-left: auto;margin-right: auto;margin-top:15px;\"><\/div><\/div><div class=\"tab-pane fade\" id=\"tab-c17a2e713ce021527fb\">Besuchen Sie die Microsite zu CHML.<br \/>\n<div class=\"fusion-sep-clear\"><\/div><div class=\"fusion-separator fusion-full-width-sep sep-none\" style=\"border-color:#e0dede;margin-left: auto;margin-right: auto;margin-top:10px;\"><\/div><div class=\"fusion-button-wrapper fusion-alignleft\"><style type=\"text\/css\" scoped=\"scoped\">.fusion-button.button-3{border-width:1px;color:#ffffff;border-color:#ffffff;}.fusion-button.button-3.button-3d{-webkit-box-shadow: inset 0px 1px 0px #fff,0px 2px 0px #397bb5,1px 4px 4px 2px rgba(0,0,0,0.3);-moz-box-shadow: inset 0px 1px 0px #fff,0px 2px 0px #397bb5,1px 4px 4px 2px rgba(0,0,0,0.3);box-shadow: inset 0px 1px 0px #fff,0px 2px 0px #397bb5,1px 4px 4px 2px rgba(0,0,0,0.3);}.button-3.button-3d:active{-webkit-box-shadow: inset 0px 1px 0px #fff,0px 2px 0px #397bb5,1px 4px 4px 2px rgba(0,0,0,0.3);-moz-box-shadow: inset 0px 1px 0px #fff,0px 2px 0px #397bb5,1px 4px 4px 2px rgba(0,0,0,0.3);box-shadow: inset 0px 1px 0px #fff,0px 2px 0px #397bb5,1px 4px 4px 2px rgba(0,0,0,0.3);}.fusion-button.button-3:hover,.fusion-button.button-3:focus,.fusion-button.button-3:active{border-width:1px;border-color:#000000;color:#000000;}.fusion-button.button-3{background: #2295cc;}.fusion-button.button-3:hover,.button-3:focus,.fusion-button.button-3:active{background: #cccccc;}<\/style><a class=\"fusion-button button-3d button-square button-small button-custom button-3\" target=\"_blank\" href=\"http:\/\/chml.foundation\"><span class=\"button-icon-divider-left\"><i class=\"fa fa-code\"><\/i><\/span><span class=\"fusion-button-text-left\">Zu CHML.foundation<\/span><\/a><\/div><div class=\"fusion-sep-clear\"><\/div><div class=\"fusion-separator fusion-full-width-sep sep-none\" style=\"border-color:#e0dede;margin-left: auto;margin-right: auto;margin-top:15px;\"><\/div><\/div><\/div><\/div><h3>Beitr\u00e4ge zum Thema CHML:<\/h3>\n<div class=\"fusion-flexslider flexslider fusion-flexslider-loading flexslider-posts\"><ul class=\"slides\"><li><a href=\"http:\/\/cms.raumdarstellung.org\/?p=14456\"><img src=\"http:\/\/cms.raumdarstellung.org\/wp-content\/uploads\/2015\/09\/IMG_4682.jpg\" alt=\"Cultural Heritage Markup Language \u2013 Designing a Domain Ontology for Digital Reconstructions\" \/><\/a><div class=\"slide-excerpt\"><h2><a href=\"http:\/\/cms.raumdarstellung.org\/?p=14456\">Cultural Heritage Markup Language \u2013 Designing a Domain Ontology for Digital Reconstructions<\/a><\/h2><\/div><\/li><li><a href=\"http:\/\/cms.raumdarstellung.org\/?p=14428\"><img src=\"http:\/\/cms.raumdarstellung.org\/wp-content\/uploads\/2015\/06\/Petersburg.001.png\" alt=\"Vortrag in Sankt Petersburg\" \/><\/a><div class=\"slide-excerpt\"><h2><a href=\"http:\/\/cms.raumdarstellung.org\/?p=14428\">Vortrag in Sankt Petersburg<\/a><\/h2><\/div><\/li><li><a href=\"http:\/\/cms.raumdarstellung.org\/?p=13473\"><img src=\"http:\/\/cms.raumdarstellung.org\/wp-content\/uploads\/2015\/04\/DhD_Graz_Hauck.001.png\" alt=\"Vortrag in Graz\" \/><\/a><div class=\"slide-excerpt\"><h2><a href=\"http:\/\/cms.raumdarstellung.org\/?p=13473\">Vortrag in Graz<\/a><\/h2><\/div><\/li><li><a href=\"http:\/\/cms.raumdarstellung.org\/?p=14485\"><img src=\"http:\/\/cms.raumdarstellung.org\/wp-content\/uploads\/2014\/09\/lodz.001.png\" alt=\"Vortrag in Lodz\" \/><\/a><div class=\"slide-excerpt\"><h2><a href=\"http:\/\/cms.raumdarstellung.org\/?p=14485\">Vortrag in Lodz<\/a><\/h2><\/div><\/li><li><a href=\"http:\/\/cms.raumdarstellung.org\/?p=13467\"><img src=\"http:\/\/cms.raumdarstellung.org\/wp-content\/uploads\/2015\/04\/Forschungskolloquium_2014_07_11.001.png\" alt=\"Vortrag beim Forschungskolloquium an der TU Darmstadt\" \/><\/a><div class=\"slide-excerpt\"><h2><a href=\"http:\/\/cms.raumdarstellung.org\/?p=13467\">Vortrag beim Forschungskolloquium an der TU Darmstadt<\/a><\/h2><\/div><\/li><li><a href=\"http:\/\/cms.raumdarstellung.org\/?p=13356\"><img src=\"http:\/\/cms.raumdarstellung.org\/wp-content\/uploads\/2015\/04\/cropped-header_strick_grob_1000x2881.png\" alt=\"Peer Review von Stephan Hoppe\" \/><\/a><div class=\"slide-excerpt\"><h2><a href=\"http:\/\/cms.raumdarstellung.org\/?p=13356\">Peer Review von Stephan Hoppe<\/a><\/h2><\/div><\/li><\/ul><\/div><\/div><\/div><div class=\"fusion-clearfix\"><\/div><\/div><\/div><div class=\"fusion-fullwidth fullwidth-box fusion-parallax-fixed\" style=\"border-color:#e5e4e4;border-bottom-width: 0px;border-top-width: 0px;border-bottom-style: solid;border-top-style: solid;padding-bottom:15px;padding-left:0px;padding-right:0px;padding-top:35px;background-attachment:fixed;background-color:#2295cc;background-position:left top;background-repeat:no-repeat;-webkit-background-size:cover;-moz-background-size:cover;-o-background-size:cover;background-size:cover;\"><div class=\"fusion-row\"><div class=\"fusion-one-third one_third fusion-layout-column fusion-spacing-yes\" style=\"margin-top:0px;margin-bottom:20px;\"><div class=\"fusion-column-wrapper\" style=\"border:0px solid #2295cc;\"><div class=\"fusion-sep-clear\"><\/div><div class=\"fusion-separator fusion-full-width-sep sep-double\" style=\"border-color:#ffffff;border-top-width:1px;border-bottom-width:1px;margin-left: auto;margin-right: auto;margin-top:25px;margin-bottom:25px;\"><\/div><\/div><\/div><div class=\"fusion-one-third one_third fusion-layout-column fusion-spacing-yes\" style=\"margin-top:0px;margin-bottom:20px;\"><div class=\"fusion-column-wrapper\"><div class=\"fusion-button-wrapper fusion-aligncenter\"><style type=\"text\/css\" scoped=\"scoped\">.fusion-button.button-4{border-width:2px;color:#ffffff;border-color:#ffffff;}.fusion-button.button-4:hover,.fusion-button.button-4:focus,.fusion-button.button-4:active{border-width:2px;border-color:#000000;color:#000000;}.fusion-button.button-4{background: transparent;}.fusion-button.button-4:hover,.button-4:focus,.fusion-button.button-4:active{background: rgba(255, 255, 255, 0.09);}<\/style><a class=\"fusion-button button-flat button-round button-xlarge button-custom button-4 fusion-animated\" data-animationType=\"bounce\" data-animationDuration=\"1\" target=\"_blank\" href=\"mailto:info@raumdarstellung.org\"><span class=\"button-icon-divider-left\"><i class=\"fa fa-envelope-o\"><\/i><\/span><span class=\"fusion-button-text-left\">Kontaktieren Sie uns!<\/span><\/a><\/div><\/div><\/div><div class=\"fusion-one-third one_third fusion-layout-column fusion-column-last fusion-spacing-yes\" style=\"margin-top:0px;margin-bottom:20px;\"><div class=\"fusion-column-wrapper\" style=\"border:0px solid #2295cc;\"><div class=\"fusion-sep-clear\"><\/div><div class=\"fusion-separator fusion-full-width-sep sep-double\" style=\"border-color:#ffffff;border-top-width:1px;border-bottom-width:1px;margin-left: auto;margin-right: auto;margin-top:25px;margin-bottom:25px;\"><\/div><\/div><\/div><div class=\"fusion-clearfix\"><\/div><\/div><\/div><div class=\"fusion-sep-clear\"><\/div><div class=\"fusion-separator fusion-full-width-sep sep-none\" style=\"border-color:#e0dede;margin-left: auto;margin-right: auto;margin-top:px;margin-bottom:-45px;\"><\/div>\n","protected":false},"excerpt":{"rendered":"","protected":false},"author":1,"featured_media":0,"parent":13540,"menu_order":0,"comment_status":"closed","ping_status":"closed","template":"100-width.php","meta":[],"_links":{"self":[{"href":"http:\/\/cms.raumdarstellung.org\/index.php?rest_route=\/wp\/v2\/pages\/14026"}],"collection":[{"href":"http:\/\/cms.raumdarstellung.org\/index.php?rest_route=\/wp\/v2\/pages"}],"about":[{"href":"http:\/\/cms.raumdarstellung.org\/index.php?rest_route=\/wp\/v2\/types\/page"}],"author":[{"embeddable":true,"href":"http:\/\/cms.raumdarstellung.org\/index.php?rest_route=\/wp\/v2\/users\/1"}],"replies":[{"embeddable":true,"href":"http:\/\/cms.raumdarstellung.org\/index.php?rest_route=%2Fwp%2Fv2%2Fcomments&post=14026"}],"version-history":[{"count":25,"href":"http:\/\/cms.raumdarstellung.org\/index.php?rest_route=\/wp\/v2\/pages\/14026\/revisions"}],"predecessor-version":[{"id":14362,"href":"http:\/\/cms.raumdarstellung.org\/index.php?rest_route=\/wp\/v2\/pages\/14026\/revisions\/14362"}],"up":[{"embeddable":true,"href":"http:\/\/cms.raumdarstellung.org\/index.php?rest_route=\/wp\/v2\/pages\/13540"}],"wp:attachment":[{"href":"http:\/\/cms.raumdarstellung.org\/index.php?rest_route=%2Fwp%2Fv2%2Fmedia&parent=14026"}],"curies":[{"name":"wp","href":"https:\/\/api.w.org\/{rel}","templated":true}]}}