{"id":13992,"date":"2015-04-16T11:11:29","date_gmt":"2015-04-16T09:11:29","guid":{"rendered":"http:\/\/cms.raumdarstellung.org\/?page_id=13992"},"modified":"2016-07-22T15:14:25","modified_gmt":"2016-07-22T13:14:25","slug":"web-3d","status":"publish","type":"page","link":"http:\/\/cms.raumdarstellung.org\/?page_id=13992","title":{"rendered":"Web 3D"},"content":{"rendered":"<div id=\"nopx\"><div class=\"fusion-fullwidth fullwidth-box fusion-parallax-none video-background px\" style=\"border-color:yes;border-bottom-width: 0px;border-top-width: 0px;border-bottom-style: solid;border-top-style: solid;padding-bottom:0px;padding-left:0px;padding-right:0px;padding-top:0px;background-position:left top;background-repeat:no-repeat;-webkit-background-size:cover;-moz-background-size:cover;-o-background-size:cover;background-size:cover;\" id=\"no\"><div class=\"fullwidth-overlay\" style=\"background-color:no-repeat;opacity:left top;\"><\/div><div class=\"fullwidth-video\"><video preload=\"auto\" autoplay loop muted><source src=\"left top\" type=\"video\/mp4\"><source src=\"no-repeat\" type=\"video\/webm\"><\/video><\/div><div class=\"fullwidth-video-image\" style=\"background-image:url(16:9);\"><\/div><div class=\"fusion-row\"><p><iframe loading=\"lazy\" src=\"https:\/\/sketchfab.com\/models\/d5f5f068414e4157999b31f1bb9c2249\/embed\" width=\"1100\" height=\"400\" frameborder=\"0\" allowfullscreen=\"allowfullscreen\"><\/iframe><\/p>\n<\/div><\/div><\/div><div id=\"nopx\"><div class=\"fusion-fullwidth fullwidth-box fusion-parallax-none video-background px\" style=\"border-color:yes;border-bottom-width: 0px;border-top-width: 0px;border-bottom-style: solid;border-top-style: solid;padding-bottom:0px;padding-left:0px;padding-right:0px;padding-top:0px;background-position:left top;background-repeat:no-repeat;-webkit-background-size:cover;-moz-background-size:cover;-o-background-size:cover;background-size:cover;\" id=\"no\"><div class=\"fullwidth-overlay\" style=\"background-color:no-repeat;opacity:left top;\"><\/div><div class=\"fullwidth-video\"><video preload=\"auto\" autoplay loop muted><source src=\"left top\" type=\"video\/mp4\"><source src=\"no-repeat\" type=\"video\/webm\"><\/video><\/div><div class=\"fullwidth-video-image\" style=\"background-image:url(16:9);\"><\/div><div class=\"fusion-row\"><div class=\"fusion-title title\"><h2 class=\"title-heading-left\">Web 3D<\/h2><div class=\"title-sep-container\"><div class=\"title-sep sep-single\" style=\"border-color:#ffffff;\"><\/div><\/div><\/div><div class=\"fusion-one-half fusion-layout-column fusion-spacing-yes no-repeat\" id=\"left top\" style=\"margin-top:0px;margin-bottom:20px;\"><div class=\"fusion-column-wrapper\" style=\"background:url(no) no no no;\" data-bg-url=\"no\"><p class=\"paragraph_style\">Neueste HTML5 und WebGL Technologien erm\u00f6glichen die plattform\u00fcbergreifende direkte \u00dcbertragung von 3D Inhalten in browserbasierte 3D Internetumgebungen. Diese Umgebungen k\u00f6nnen nicht nur auf Computern mit g\u00e4ngigen Betriebssystemen, sondern auch auf Smartphones und Tablets erkundet werden.<\/p>\n<p class=\"paragraph_style\">Das IfR entwickelt Projektstrategien f\u00fcr virtuelle Ausstellungen und Museen ebenso wir f\u00fcr Standort- und Objektmarketing in echtem 3D.<\/p>\n<p class=\"paragraph_style\">Die Verkn\u00fcpfung mit Datenbanken erm\u00f6glicht die Kontextualisierung der 3D Objekte. Sie sind nicht nur anklickbar, sondern interaktiv beeinflussbar.<\/p>\n<\/div><\/div><div class=\"fusion-one-half fusion-layout-column fusion-column-last fusion-spacing-yes no-repeat\" id=\"left top\" style=\"margin-top:0px;margin-bottom:20px;\"><div class=\"fusion-column-wrapper\" style=\"background:url(no) no no no;\" data-bg-url=\"no\"><div class=\"fusion-tabs fusion-tabs-1 classic horizontal-tabs\"><style type=\"text\/css\">.fusion-tabs.fusion-tabs-1 .nav-tabs li a{border-top-color:#f6f6f6;background-color:#f6f6f6;}.fusion-tabs.fusion-tabs-1 .nav-tabs{background-color:transparent;}.fusion-tabs.fusion-tabs-1 .nav-tabs li.active a,.fusion-tabs.fusion-tabs-1 .nav-tabs li.active a:hover,.fusion-tabs.fusion-tabs-1 .nav-tabs li.active a:focus{border-right-color:transparent;}.fusion-tabs.fusion-tabs-1 .nav-tabs li.active a,.fusion-tabs.fusion-tabs-1 .nav-tabs li.active a:hover,.fusion-tabs.fusion-tabs-1 .nav-tabs li.active a:focus{background-color:transparent;}.fusion-tabs.fusion-tabs-1 .nav-tabs li a:hover{background-color:transparent;border-top-color:transparent;}.fusion-tabs.fusion-tabs-1 .tab-pane{background-color:transparent;}.fusion-tabs.fusion-tabs-1 .nav,.fusion-tabs.fusion-tabs-1 .nav-tabs,.fusion-tabs.fusion-tabs-1 .tab-content .tab-pane{border-color:#2295cc;}<\/style><div class=\"nav\"><ul class=\"nav-tabs nav-justified\"><li class=\"active\"><a class=\"tab-link\" id=\"chml\" href=\"#tab-8d7233b3f9f2fe3be64\" data-toggle=\"tab\"><h4 class=\"fusion-tab-heading\"><i class=\"fa fontawesome-icon fa-code\"><\/i>CHML<\/h4><\/a><\/li><li><a class=\"tab-link\" id=\"wisskisour\" href=\"#tab-e003d60ff05ce37bddc\" data-toggle=\"tab\"><h4 class=\"fusion-tab-heading\"><i class=\"fa fontawesome-icon fa-share-alt\"><\/i>WissKIsour<\/h4><\/a><\/li><\/ul><\/div><div class=\"tab-content\"><div class=\"tab-pane fade in active\" id=\"tab-8d7233b3f9f2fe3be64\">Mit CHML entwickelt das IfR eine Auszeichnungssprache f\u00fcr die digitale 3D Rekonstruktion von gebautem Kulturerbe.<br \/>\n<div class=\"fusion-sep-clear\"><\/div><div class=\"fusion-separator fusion-full-width-sep sep-none\" style=\"border-color:#e0dede;margin-left: auto;margin-right: auto;margin-top:10px;\"><\/div><div class=\"fusion-button-wrapper fusion-alignleft\"><style type=\"text\/css\" scoped=\"scoped\">.fusion-button.button-1{border-width:1px;color:#ffffff;border-color:#ffffff;}.fusion-button.button-1.button-3d{-webkit-box-shadow: inset 0px 1px 0px #fff,0px 2px 0px #397bb5,1px 4px 4px 2px rgba(0,0,0,0.3);-moz-box-shadow: inset 0px 1px 0px #fff,0px 2px 0px #397bb5,1px 4px 4px 2px rgba(0,0,0,0.3);box-shadow: inset 0px 1px 0px #fff,0px 2px 0px #397bb5,1px 4px 4px 2px rgba(0,0,0,0.3);}.button-1.button-3d:active{-webkit-box-shadow: inset 0px 1px 0px #fff,0px 2px 0px #397bb5,1px 4px 4px 2px rgba(0,0,0,0.3);-moz-box-shadow: inset 0px 1px 0px #fff,0px 2px 0px #397bb5,1px 4px 4px 2px rgba(0,0,0,0.3);box-shadow: inset 0px 1px 0px #fff,0px 2px 0px #397bb5,1px 4px 4px 2px rgba(0,0,0,0.3);}.fusion-button.button-1:hover,.fusion-button.button-1:focus,.fusion-button.button-1:active{border-width:1px;border-color:#000000;color:#000000;}.fusion-button.button-1{background: #2295cc;}.fusion-button.button-1:hover,.button-1:focus,.fusion-button.button-1:active{background: #cccccc;}<\/style><a class=\"fusion-button button-3d button-square button-small button-custom button-1\" target=\"_self\" href=\"http:\/\/cms.raumdarstellung.org\/?p=14026\"><span class=\"button-icon-divider-left\"><i class=\"fa fa-arrow-right\"><\/i><\/span><span class=\"fusion-button-text-left\">Mehr erfahren<\/span><\/a><\/div><div class=\"fusion-sep-clear\"><\/div><div class=\"fusion-separator fusion-full-width-sep sep-none\" style=\"border-color:#e0dede;margin-left: auto;margin-right: auto;margin-top:15px;\"><\/div><\/div><div class=\"tab-pane fade\" id=\"tab-e003d60ff05ce37bddc\">WisKisour ist eine Webontologie, die auf CHML basiert und CIDOC CRM als Referenzontologie verwendet. Somit wird die WissKI-Plattform zu einer virtuellen Forschungsumgebung f\u00fcr digitale 3D Rekonstruktionen.<br \/>\n<div class=\"fusion-sep-clear\"><\/div><div class=\"fusion-separator fusion-full-width-sep sep-none\" style=\"border-color:#e0dede;margin-left: auto;margin-right: auto;margin-top:10px;\"><\/div><div class=\"fusion-button-wrapper fusion-alignleft\"><style type=\"text\/css\" scoped=\"scoped\">.fusion-button.button-2{border-width:1px;color:#ffffff;border-color:#ffffff;}.fusion-button.button-2.button-3d{-webkit-box-shadow: inset 0px 1px 0px #fff,0px 2px 0px #397bb5,1px 4px 4px 2px rgba(0,0,0,0.3);-moz-box-shadow: inset 0px 1px 0px #fff,0px 2px 0px #397bb5,1px 4px 4px 2px rgba(0,0,0,0.3);box-shadow: inset 0px 1px 0px #fff,0px 2px 0px #397bb5,1px 4px 4px 2px rgba(0,0,0,0.3);}.button-2.button-3d:active{-webkit-box-shadow: inset 0px 1px 0px #fff,0px 2px 0px #397bb5,1px 4px 4px 2px rgba(0,0,0,0.3);-moz-box-shadow: inset 0px 1px 0px #fff,0px 2px 0px #397bb5,1px 4px 4px 2px rgba(0,0,0,0.3);box-shadow: inset 0px 1px 0px #fff,0px 2px 0px #397bb5,1px 4px 4px 2px rgba(0,0,0,0.3);}.fusion-button.button-2:hover,.fusion-button.button-2:focus,.fusion-button.button-2:active{border-width:1px;border-color:#000000;color:#000000;}.fusion-button.button-2{background: #2295cc;}.fusion-button.button-2:hover,.button-2:focus,.fusion-button.button-2:active{background: #cccccc;}<\/style><a class=\"fusion-button button-3d button-square button-small button-custom button-2\" target=\"_self\" href=\"http:\/\/cms.raumdarstellung.org\/?p=14025\"><span class=\"button-icon-divider-left\"><i class=\"fa fa-arrow-right\"><\/i><\/span><span class=\"fusion-button-text-left\">Mehr erfahren<\/span><\/a><\/div><div class=\"fusion-sep-clear\"><\/div><div class=\"fusion-separator fusion-full-width-sep sep-none\" style=\"border-color:#e0dede;margin-left: auto;margin-right: auto;margin-top:15px;\"><\/div><\/div><\/div><\/div><\/div><\/div><div class=\"fusion-clearfix\"><\/div><\/div><\/div><\/div><div class=\"fusion-fullwidth fullwidth-box fusion-parallax-fixed\" style=\"border-color:#e5e4e4;border-bottom-width: 0px;border-top-width: 0px;border-bottom-style: solid;border-top-style: solid;padding-bottom:15px;padding-left:0px;padding-right:0px;padding-top:35px;background-attachment:fixed;background-color:#2295cc;background-position:left top;background-repeat:no-repeat;-webkit-background-size:cover;-moz-background-size:cover;-o-background-size:cover;background-size:cover;\"><div class=\"fusion-row\"><div class=\"fusion-one-third one_third fusion-layout-column fusion-spacing-yes\" style=\"margin-top:0px;margin-bottom:20px;\"><div class=\"fusion-column-wrapper\" style=\"border:0px solid #2295cc;\"><div class=\"fusion-sep-clear\"><\/div><div class=\"fusion-separator fusion-full-width-sep sep-double\" style=\"border-color:#ffffff;border-top-width:1px;border-bottom-width:1px;margin-left: auto;margin-right: auto;margin-top:25px;margin-bottom:25px;\"><\/div><\/div><\/div><div class=\"fusion-one-third one_third fusion-layout-column fusion-spacing-yes\" style=\"margin-top:0px;margin-bottom:20px;\"><div class=\"fusion-column-wrapper\"><div class=\"fusion-button-wrapper fusion-aligncenter\"><style type=\"text\/css\" scoped=\"scoped\">.fusion-button.button-3{border-width:2px;color:#ffffff;border-color:#ffffff;}.fusion-button.button-3:hover,.fusion-button.button-3:focus,.fusion-button.button-3:active{border-width:2px;border-color:#000000;color:#000000;}.fusion-button.button-3{background: transparent;}.fusion-button.button-3:hover,.button-3:focus,.fusion-button.button-3:active{background: rgba(255, 255, 255, 0.09);}<\/style><a class=\"fusion-button button-flat button-round button-xlarge button-custom button-3 fusion-animated\" data-animationType=\"bounce\" data-animationDuration=\"1\" target=\"_blank\" href=\"mailto:info@raumdarstellung.org\"><span class=\"button-icon-divider-left\"><i class=\"fa fa-envelope-o\"><\/i><\/span><span class=\"fusion-button-text-left\">Kontaktieren Sie uns!<\/span><\/a><\/div><\/div><\/div><div class=\"fusion-one-third one_third fusion-layout-column fusion-column-last fusion-spacing-yes\" style=\"margin-top:0px;margin-bottom:20px;\"><div class=\"fusion-column-wrapper\" style=\"border:0px solid #2295cc;\"><div class=\"fusion-sep-clear\"><\/div><div class=\"fusion-separator fusion-full-width-sep sep-double\" style=\"border-color:#ffffff;border-top-width:1px;border-bottom-width:1px;margin-left: auto;margin-right: auto;margin-top:25px;margin-bottom:25px;\"><\/div><\/div><\/div><div class=\"fusion-clearfix\"><\/div><\/div><\/div><div class=\"fusion-sep-clear\"><\/div><div class=\"fusion-separator fusion-full-width-sep sep-none\" style=\"border-color:#e0dede;margin-left: auto;margin-right: auto;margin-top:px;margin-bottom:-45px;\"><\/div>\n","protected":false},"excerpt":{"rendered":"","protected":false},"author":1,"featured_media":0,"parent":13538,"menu_order":0,"comment_status":"closed","ping_status":"closed","template":"100-width.php","meta":[],"_links":{"self":[{"href":"http:\/\/cms.raumdarstellung.org\/index.php?rest_route=\/wp\/v2\/pages\/13992"}],"collection":[{"href":"http:\/\/cms.raumdarstellung.org\/index.php?rest_route=\/wp\/v2\/pages"}],"about":[{"href":"http:\/\/cms.raumdarstellung.org\/index.php?rest_route=\/wp\/v2\/types\/page"}],"author":[{"embeddable":true,"href":"http:\/\/cms.raumdarstellung.org\/index.php?rest_route=\/wp\/v2\/users\/1"}],"replies":[{"embeddable":true,"href":"http:\/\/cms.raumdarstellung.org\/index.php?rest_route=%2Fwp%2Fv2%2Fcomments&post=13992"}],"version-history":[{"count":12,"href":"http:\/\/cms.raumdarstellung.org\/index.php?rest_route=\/wp\/v2\/pages\/13992\/revisions"}],"predecessor-version":[{"id":14590,"href":"http:\/\/cms.raumdarstellung.org\/index.php?rest_route=\/wp\/v2\/pages\/13992\/revisions\/14590"}],"up":[{"embeddable":true,"href":"http:\/\/cms.raumdarstellung.org\/index.php?rest_route=\/wp\/v2\/pages\/13538"}],"wp:attachment":[{"href":"http:\/\/cms.raumdarstellung.org\/index.php?rest_route=%2Fwp%2Fv2%2Fmedia&parent=13992"}],"curies":[{"name":"wp","href":"https:\/\/api.w.org\/{rel}","templated":true}]}}