{"id":13891,"date":"2015-04-15T14:33:44","date_gmt":"2015-04-15T12:33:44","guid":{"rendered":"http:\/\/cms.raumdarstellung.org\/?page_id=13891"},"modified":"2017-01-24T12:04:36","modified_gmt":"2017-01-24T11:04:36","slug":"panoramafotografie","status":"publish","type":"page","link":"http:\/\/cms.raumdarstellung.org\/?page_id=13891","title":{"rendered":"Panoramafotografie"},"content":{"rendered":"<div class=\"fusion-fullwidth fullwidth-box fusion-parallax-none\" style=\"border-color:#eae9e9;border-bottom-width: 0px;border-top-width: 0px;border-bottom-style: solid;border-top-style: solid;padding-bottom:20px;padding-left:0px;padding-right:0px;padding-top:20px;background-position:left top;background-repeat:no-repeat;-webkit-background-size:cover;-moz-background-size:cover;-o-background-size:cover;background-size:cover;\"><div class=\"fusion-row\"><div class=\"fusion-slider-sc flexslider\" style=\"max-width:100%;height:100%;\"><ul class=\"slides\"><li class=\"image\"><img src=\"http:\/\/cms.raumdarstellung.org\/wp-content\/uploads\/2015\/04\/EisernerSteg.jpg\" \/><\/li><li class=\"image\"><img src=\"http:\/\/cms.raumdarstellung.org\/wp-content\/uploads\/2015\/04\/schottlaender.jpg\" \/><\/li><li class=\"image\"><img src=\"http:\/\/cms.raumdarstellung.org\/wp-content\/uploads\/2015\/04\/ottercove.jpg\" \/><\/li><li class=\"image\"><img src=\"http:\/\/cms.raumdarstellung.org\/wp-content\/uploads\/2015\/04\/Lessing.jpg\" \/><\/li><li class=\"image\"><img src=\"http:\/\/cms.raumdarstellung.org\/wp-content\/uploads\/2015\/04\/castellosforzescocortile.jpg\" \/><\/li><li class=\"image\"><img src=\"http:\/\/cms.raumdarstellung.org\/wp-content\/uploads\/2015\/04\/bielarska.jpg\" \/><\/li><li class=\"image\"><img src=\"http:\/\/cms.raumdarstellung.org\/wp-content\/uploads\/2015\/04\/statetower.jpg\" \/><\/li><li class=\"image\"><img src=\"http:\/\/cms.raumdarstellung.org\/wp-content\/uploads\/2015\/04\/nossasenhoradorosario.jpg\" \/><\/li><li class=\"image\"><img src=\"http:\/\/cms.raumdarstellung.org\/wp-content\/uploads\/2015\/04\/ermidadesantjoan.jpg\" \/><\/li><\/ul><\/div><\/div><\/div><div class=\"fusion-fullwidth fullwidth-box fusion-parallax-fixed\" style=\"border-color:#e5e4e4;border-bottom-width: 0px;border-top-width: 0px;border-bottom-style: solid;border-top-style: solid;padding-bottom:0px;padding-left:0px;padding-right:0px;padding-top:0px;background-attachment:fixed;background-position:center center;background-repeat:no-repeat;-webkit-background-size:cover;-moz-background-size:cover;-o-background-size:cover;background-size:cover;\"><div class=\"fusion-row\"><div class=\"fusion-title title\"><h2 class=\"title-heading-left\">Panoramafotografie<\/h2><div class=\"title-sep-container\"><div class=\"title-sep sep-single\" style=\"border-color:#ffffff;\"><\/div><\/div><\/div><div class=\"fusion-one-half fusion-layout-column fusion-spacing-yes\" style=\"margin-top:0px;margin-bottom:20px;\"><div class=\"fusion-column-wrapper\"><p class=\"paragraph_style\">Die Panoramafotografie erm\u00f6glicht die Erfassung des gesamten Raumes von einem Standpunkt aus. Es stehen mehrere Projektionsarten zur Auswahl, von denen die zylindrische und die kugelf\u00f6rmige Projektion die gebr\u00e4uchlichsten sind.<\/p>\n<p class=\"paragraph_style\">Mehrere Panoramafotografien k\u00f6nnen zu interaktiven <a href=\"http:\/\/cms.raumdarstellung.org\/?p=14010\">virtuellen Rundg\u00e4ngen<\/a> verbunden werden, die um weitere Informationen erg\u00e4nzt und internetf\u00e4hig gemacht werden k\u00f6nnen.<\/p>\n<\/div><\/div><div class=\"fusion-one-half fusion-layout-column fusion-column-last fusion-spacing-yes\" style=\"margin-top:0px;margin-bottom:20px;\"><div class=\"fusion-column-wrapper\"><div class=\"fusion-tabs fusion-tabs-1 classic horizontal-tabs\"><style type=\"text\/css\">.fusion-tabs.fusion-tabs-1 .nav-tabs li a{border-top-color:#f6f6f6;background-color:#f6f6f6;}.fusion-tabs.fusion-tabs-1 .nav-tabs{background-color:transparent;}.fusion-tabs.fusion-tabs-1 .nav-tabs li.active a,.fusion-tabs.fusion-tabs-1 .nav-tabs li.active a:hover,.fusion-tabs.fusion-tabs-1 .nav-tabs li.active a:focus{border-right-color:transparent;}.fusion-tabs.fusion-tabs-1 .nav-tabs li.active a,.fusion-tabs.fusion-tabs-1 .nav-tabs li.active a:hover,.fusion-tabs.fusion-tabs-1 .nav-tabs li.active a:focus{background-color:transparent;}.fusion-tabs.fusion-tabs-1 .nav-tabs li a:hover{background-color:transparent;border-top-color:transparent;}.fusion-tabs.fusion-tabs-1 .tab-pane{background-color:transparent;}.fusion-tabs.fusion-tabs-1 .nav,.fusion-tabs.fusion-tabs-1 .nav-tabs,.fusion-tabs.fusion-tabs-1 .tab-content .tab-pane{border-color:#2295cc;}<\/style><div class=\"nav\"><ul class=\"nav-tabs nav-justified\"><li class=\"active\"><a class=\"tab-link\" id=\"hdri\" href=\"#tab-7fc20af0f5bdcf9fa11\" data-toggle=\"tab\"><h4 class=\"fusion-tab-heading\"><i class=\"fa fontawesome-icon fa-camera\"><\/i>HDRI<\/h4><\/a><\/li><li><a class=\"tab-link\" id=\"virtuellerundg\u00e4nge\" href=\"#tab-655042c09cb9b1feee1\" data-toggle=\"tab\"><h4 class=\"fusion-tab-heading\"><i class=\"fa fontawesome-icon fa-github-alt\"><\/i>Virtuelle Rundg\u00e4nge<\/h4><\/a><\/li><li><a class=\"tab-link\" id=\"fotometrie\" href=\"#tab-9c10539eeae94395822\" data-toggle=\"tab\"><h4 class=\"fusion-tab-heading\"><i class=\"fa fontawesome-icon fa-camera\"><\/i>Fotometrie<\/h4><\/a><\/li><li><a class=\"tab-link\" id=\"hdrileuchtbox\" href=\"#tab-85a8c308de663aa8d50\" data-toggle=\"tab\"><h4 class=\"fusion-tab-heading\"><i class=\"fa fontawesome-icon fa-cube\"><\/i>HDRI Leuchtbox<\/h4><\/a><\/li><\/ul><\/div><div class=\"tab-content\"><div class=\"tab-pane fade in active\" id=\"tab-7fc20af0f5bdcf9fa11\"><\/p>\n<p>Mittels Belichtungsreihen k\u00f6nnen hochkontrastierende sog.\u00a0HDR-Aufnahmen\u00a0erstellt werden, die die gesamte Lichtsituation umfassend beschreiben. Diese Technologie kann mit Panoramaaufnahmen kombiniert werden und mit Hilfe der <em>Image Based Lighting<\/em> Technologie als Lichtquelle in 3D Modellen Verwendung finden.<br \/>\n<div class=\"fusion-sep-clear\"><\/div><div class=\"fusion-separator fusion-full-width-sep sep-none\" style=\"border-color:#e0dede;margin-left: auto;margin-right: auto;margin-top:10px;\"><\/div><div class=\"fusion-button-wrapper fusion-alignleft\"><style type=\"text\/css\" scoped=\"scoped\">.fusion-button.button-1{border-width:1px;color:#ffffff;border-color:#ffffff;}.fusion-button.button-1.button-3d{-webkit-box-shadow: inset 0px 1px 0px #fff,0px 2px 0px #397bb5,1px 4px 4px 2px rgba(0,0,0,0.3);-moz-box-shadow: inset 0px 1px 0px #fff,0px 2px 0px #397bb5,1px 4px 4px 2px rgba(0,0,0,0.3);box-shadow: inset 0px 1px 0px #fff,0px 2px 0px #397bb5,1px 4px 4px 2px rgba(0,0,0,0.3);}.button-1.button-3d:active{-webkit-box-shadow: inset 0px 1px 0px #fff,0px 2px 0px #397bb5,1px 4px 4px 2px rgba(0,0,0,0.3);-moz-box-shadow: inset 0px 1px 0px #fff,0px 2px 0px #397bb5,1px 4px 4px 2px rgba(0,0,0,0.3);box-shadow: inset 0px 1px 0px #fff,0px 2px 0px #397bb5,1px 4px 4px 2px rgba(0,0,0,0.3);}.fusion-button.button-1:hover,.fusion-button.button-1:focus,.fusion-button.button-1:active{border-width:1px;border-color:#000000;color:#000000;}.fusion-button.button-1{background: #2295cc;}.fusion-button.button-1:hover,.button-1:focus,.fusion-button.button-1:active{background: #cccccc;}<\/style><a class=\"fusion-button button-3d button-square button-small button-custom button-1\" target=\"_self\" href=\"http:\/\/cms.raumdarstellung.org\/?p=13887\"><span class=\"button-icon-divider-left\"><i class=\"fa fa-arrow-right\"><\/i><\/span><span class=\"fusion-button-text-left\">Mehr erfahren<\/span><\/a><\/div><div class=\"fusion-sep-clear\"><\/div><div class=\"fusion-separator fusion-full-width-sep sep-none\" style=\"border-color:#e0dede;margin-left: auto;margin-right: auto;margin-top:15px;\"><\/div>\n<p><\/div><div class=\"tab-pane fade\" id=\"tab-655042c09cb9b1feee1\"><\/p>\n<p>Virtuelle Rundg\u00e4nge sind nicht erst seit Einf\u00fchrung von Google Streetview ein effektives Mittel der Raumdarstellung. Dabei werden die einzelnen Panoramafotografien in W\u00fcrfelform projiziert und um Verlinkungen erg\u00e4nzt.<br \/>\n<div class=\"fusion-sep-clear\"><\/div><div class=\"fusion-separator fusion-full-width-sep sep-none\" style=\"border-color:#e0dede;margin-left: auto;margin-right: auto;margin-top:10px;\"><\/div><div class=\"fusion-button-wrapper fusion-alignleft\"><style type=\"text\/css\" scoped=\"scoped\">.fusion-button.button-2{border-width:1px;color:#ffffff;border-color:#ffffff;}.fusion-button.button-2.button-3d{-webkit-box-shadow: inset 0px 1px 0px #fff,0px 2px 0px #397bb5,1px 4px 4px 2px rgba(0,0,0,0.3);-moz-box-shadow: inset 0px 1px 0px #fff,0px 2px 0px #397bb5,1px 4px 4px 2px rgba(0,0,0,0.3);box-shadow: inset 0px 1px 0px #fff,0px 2px 0px #397bb5,1px 4px 4px 2px rgba(0,0,0,0.3);}.button-2.button-3d:active{-webkit-box-shadow: inset 0px 1px 0px #fff,0px 2px 0px #397bb5,1px 4px 4px 2px rgba(0,0,0,0.3);-moz-box-shadow: inset 0px 1px 0px #fff,0px 2px 0px #397bb5,1px 4px 4px 2px rgba(0,0,0,0.3);box-shadow: inset 0px 1px 0px #fff,0px 2px 0px #397bb5,1px 4px 4px 2px rgba(0,0,0,0.3);}.fusion-button.button-2:hover,.fusion-button.button-2:focus,.fusion-button.button-2:active{border-width:1px;border-color:#000000;color:#000000;}.fusion-button.button-2{background: #2295cc;}.fusion-button.button-2:hover,.button-2:focus,.fusion-button.button-2:active{background: #cccccc;}<\/style><a class=\"fusion-button button-3d button-square button-small button-custom button-2\" target=\"_self\" href=\"http:\/\/cms.raumdarstellung.org\/?p=14010\"><span class=\"button-icon-divider-left\"><i class=\"fa fa-arrow-right\"><\/i><\/span><span class=\"fusion-button-text-left\">Mehr erfahren<\/span><\/a><\/div><div class=\"fusion-sep-clear\"><\/div><div class=\"fusion-separator fusion-full-width-sep sep-none\" style=\"border-color:#e0dede;margin-left: auto;margin-right: auto;margin-top:15px;\"><\/div>\n<p><\/div><div class=\"tab-pane fade\" id=\"tab-9c10539eeae94395822\"><\/p>\n<p>Unsere Kameras sind auch bez\u00fcglich der Beleuchtungssituation kalibriert. So lassen sich aus HDR Bildern belastbare Aussagen \u00fcber die Lichtsituation eines Ortes treffen.<br \/>\n<div class=\"fusion-sep-clear\"><\/div><div class=\"fusion-separator fusion-full-width-sep sep-none\" style=\"border-color:#e0dede;margin-left: auto;margin-right: auto;margin-top:10px;\"><\/div><div class=\"fusion-button-wrapper fusion-alignleft\"><style type=\"text\/css\" scoped=\"scoped\">.fusion-button.button-3{border-width:1px;color:#ffffff;border-color:#ffffff;}.fusion-button.button-3.button-3d{-webkit-box-shadow: inset 0px 1px 0px #fff,0px 2px 0px #397bb5,1px 4px 4px 2px rgba(0,0,0,0.3);-moz-box-shadow: inset 0px 1px 0px #fff,0px 2px 0px #397bb5,1px 4px 4px 2px rgba(0,0,0,0.3);box-shadow: inset 0px 1px 0px #fff,0px 2px 0px #397bb5,1px 4px 4px 2px rgba(0,0,0,0.3);}.button-3.button-3d:active{-webkit-box-shadow: inset 0px 1px 0px #fff,0px 2px 0px #397bb5,1px 4px 4px 2px rgba(0,0,0,0.3);-moz-box-shadow: inset 0px 1px 0px #fff,0px 2px 0px #397bb5,1px 4px 4px 2px rgba(0,0,0,0.3);box-shadow: inset 0px 1px 0px #fff,0px 2px 0px #397bb5,1px 4px 4px 2px rgba(0,0,0,0.3);}.fusion-button.button-3:hover,.fusion-button.button-3:focus,.fusion-button.button-3:active{border-width:1px;border-color:#000000;color:#000000;}.fusion-button.button-3{background: #2295cc;}.fusion-button.button-3:hover,.button-3:focus,.fusion-button.button-3:active{background: #cccccc;}<\/style><a class=\"fusion-button button-3d button-square button-small button-custom button-3\" target=\"_self\" href=\"http:\/\/cms.raumdarstellung.org\/?p=13935\"><span class=\"button-icon-divider-left\"><i class=\"fa fa-arrow-right\"><\/i><\/span><span class=\"fusion-button-text-left\">Mehr erfahren<\/span><\/a><\/div><div class=\"fusion-sep-clear\"><\/div><div class=\"fusion-separator fusion-full-width-sep sep-none\" style=\"border-color:#e0dede;margin-left: auto;margin-right: auto;margin-top:15px;\"><\/div>\n<p><\/div><div class=\"tab-pane fade\" id=\"tab-85a8c308de663aa8d50\"><\/p>\n<p>HDR-Bilder k\u00f6nnen in HDR-Exponaten in Ausstellungen Verwendung finden. Vom IfR entwickelte Leuchtk\u00e4sten k\u00f6nnen gekr\u00fcmmt hergestellt werden und so in Panoramen die Lichtstimmung eines Ortes realistisch wiedergeben.<br \/>\n<div class=\"fusion-sep-clear\"><\/div><div class=\"fusion-separator fusion-full-width-sep sep-none\" style=\"border-color:#e0dede;margin-left: auto;margin-right: auto;margin-top:10px;\"><\/div><div class=\"fusion-button-wrapper fusion-alignleft\"><style type=\"text\/css\" scoped=\"scoped\">.fusion-button.button-4{border-width:1px;color:#ffffff;border-color:#ffffff;}.fusion-button.button-4.button-3d{-webkit-box-shadow: inset 0px 1px 0px #fff,0px 2px 0px #397bb5,1px 4px 4px 2px rgba(0,0,0,0.3);-moz-box-shadow: inset 0px 1px 0px #fff,0px 2px 0px #397bb5,1px 4px 4px 2px rgba(0,0,0,0.3);box-shadow: inset 0px 1px 0px #fff,0px 2px 0px #397bb5,1px 4px 4px 2px rgba(0,0,0,0.3);}.button-4.button-3d:active{-webkit-box-shadow: inset 0px 1px 0px #fff,0px 2px 0px #397bb5,1px 4px 4px 2px rgba(0,0,0,0.3);-moz-box-shadow: inset 0px 1px 0px #fff,0px 2px 0px #397bb5,1px 4px 4px 2px rgba(0,0,0,0.3);box-shadow: inset 0px 1px 0px #fff,0px 2px 0px #397bb5,1px 4px 4px 2px rgba(0,0,0,0.3);}.fusion-button.button-4:hover,.fusion-button.button-4:focus,.fusion-button.button-4:active{border-width:1px;border-color:#000000;color:#000000;}.fusion-button.button-4{background: #2295cc;}.fusion-button.button-4:hover,.button-4:focus,.fusion-button.button-4:active{background: #cccccc;}<\/style><a class=\"fusion-button button-3d button-square button-small button-custom button-4\" target=\"_self\" href=\"http:\/\/cms.raumdarstellung.org\/?p=14027\"><span class=\"button-icon-divider-left\"><i class=\"fa fa-arrow-right\"><\/i><\/span><span class=\"fusion-button-text-left\">Mehr erfahren<\/span><\/a><\/div><div class=\"fusion-sep-clear\"><\/div><div class=\"fusion-separator fusion-full-width-sep sep-none\" style=\"border-color:#e0dede;margin-left: auto;margin-right: auto;margin-top:15px;\"><\/div>\n<p><\/div><\/div><\/div><\/div><\/div><div class=\"fusion-clearfix\"><\/div><\/div><\/div><div class=\"fusion-fullwidth fullwidth-box fusion-parallax-fixed\" style=\"border-color:#e5e4e4;border-bottom-width: 0px;border-top-width: 0px;border-bottom-style: solid;border-top-style: solid;padding-bottom:15px;padding-left:0px;padding-right:0px;padding-top:35px;background-attachment:fixed;background-color:#2295cc;background-position:left top;background-repeat:no-repeat;-webkit-background-size:cover;-moz-background-size:cover;-o-background-size:cover;background-size:cover;\"><div class=\"fusion-row\"><div class=\"fusion-one-third one_third fusion-layout-column fusion-spacing-yes\" style=\"margin-top:0px;margin-bottom:20px;\"><div class=\"fusion-column-wrapper\" style=\"border:0px solid #2295cc;\"><div class=\"fusion-sep-clear\"><\/div><div class=\"fusion-separator fusion-full-width-sep sep-double\" style=\"border-color:#ffffff;border-top-width:1px;border-bottom-width:1px;margin-left: auto;margin-right: auto;margin-top:25px;margin-bottom:25px;\"><\/div><\/div><\/div><div class=\"fusion-one-third one_third fusion-layout-column fusion-spacing-yes\" style=\"margin-top:0px;margin-bottom:20px;\"><div class=\"fusion-column-wrapper\"><div class=\"fusion-button-wrapper fusion-aligncenter\"><style type=\"text\/css\" scoped=\"scoped\">.fusion-button.button-5{border-width:2px;color:#ffffff;border-color:#ffffff;}.fusion-button.button-5:hover,.fusion-button.button-5:focus,.fusion-button.button-5:active{border-width:2px;border-color:#000000;color:#000000;}.fusion-button.button-5{background: transparent;}.fusion-button.button-5:hover,.button-5:focus,.fusion-button.button-5:active{background: rgba(255, 255, 255, 0.09);}<\/style><a class=\"fusion-button button-flat button-round button-xlarge button-custom button-5 fusion-animated\" data-animationType=\"bounce\" data-animationDuration=\"1\" target=\"_blank\" href=\"mailto:info@raumdarstellung.org\"><span class=\"button-icon-divider-left\"><i class=\"fa fa-envelope-o\"><\/i><\/span><span class=\"fusion-button-text-left\">Kontaktieren Sie uns!<\/span><\/a><\/div><\/div><\/div><div class=\"fusion-one-third one_third fusion-layout-column fusion-column-last fusion-spacing-yes\" style=\"margin-top:0px;margin-bottom:20px;\"><div class=\"fusion-column-wrapper\" style=\"border:0px solid #2295cc;\"><div class=\"fusion-sep-clear\"><\/div><div class=\"fusion-separator fusion-full-width-sep sep-double\" style=\"border-color:#ffffff;border-top-width:1px;border-bottom-width:1px;margin-left: auto;margin-right: auto;margin-top:25px;margin-bottom:25px;\"><\/div><\/div><\/div><div class=\"fusion-clearfix\"><\/div><\/div><\/div><div class=\"fusion-sep-clear\"><\/div><div class=\"fusion-separator fusion-full-width-sep sep-none\" style=\"border-color:#e0dede;margin-left: auto;margin-right: auto;margin-top:px;margin-bottom:-45px;\"><\/div>\n","protected":false},"excerpt":{"rendered":"","protected":false},"author":1,"featured_media":0,"parent":13859,"menu_order":0,"comment_status":"closed","ping_status":"closed","template":"100-width.php","meta":[],"_links":{"self":[{"href":"http:\/\/cms.raumdarstellung.org\/index.php?rest_route=\/wp\/v2\/pages\/13891"}],"collection":[{"href":"http:\/\/cms.raumdarstellung.org\/index.php?rest_route=\/wp\/v2\/pages"}],"about":[{"href":"http:\/\/cms.raumdarstellung.org\/index.php?rest_route=\/wp\/v2\/types\/page"}],"author":[{"embeddable":true,"href":"http:\/\/cms.raumdarstellung.org\/index.php?rest_route=\/wp\/v2\/users\/1"}],"replies":[{"embeddable":true,"href":"http:\/\/cms.raumdarstellung.org\/index.php?rest_route=%2Fwp%2Fv2%2Fcomments&post=13891"}],"version-history":[{"count":16,"href":"http:\/\/cms.raumdarstellung.org\/index.php?rest_route=\/wp\/v2\/pages\/13891\/revisions"}],"predecessor-version":[{"id":14613,"href":"http:\/\/cms.raumdarstellung.org\/index.php?rest_route=\/wp\/v2\/pages\/13891\/revisions\/14613"}],"up":[{"embeddable":true,"href":"http:\/\/cms.raumdarstellung.org\/index.php?rest_route=\/wp\/v2\/pages\/13859"}],"wp:attachment":[{"href":"http:\/\/cms.raumdarstellung.org\/index.php?rest_route=%2Fwp%2Fv2%2Fmedia&parent=13891"}],"curies":[{"name":"wp","href":"https:\/\/api.w.org\/{rel}","templated":true}]}}