{"id":13887,"date":"2015-04-15T14:25:40","date_gmt":"2015-04-15T12:25:40","guid":{"rendered":"http:\/\/cms.raumdarstellung.org\/?page_id=13887"},"modified":"2015-04-28T12:50:20","modified_gmt":"2015-04-28T10:50:20","slug":"hdri","status":"publish","type":"page","link":"http:\/\/cms.raumdarstellung.org\/?page_id=13887","title":{"rendered":"HDRI"},"content":{"rendered":"<div class=\"fusion-fullwidth fullwidth-box fusion-parallax-none\" style=\"border-color:#eae9e9;border-bottom-width: 0px;border-top-width: 0px;border-bottom-style: solid;border-top-style: solid;padding-bottom:20px;padding-left:0px;padding-right:0px;padding-top:20px;background-position:left top;background-repeat:no-repeat;-webkit-background-size:cover;-moz-background-size:cover;-o-background-size:cover;background-size:cover;\"><div class=\"fusion-row\"><div class=\"fusion-slider-sc flexslider\" style=\"max-width:100%;height:100%;\"><ul class=\"slides\"><li class=\"image\"><img src=\"http:\/\/cms.raumdarstellung.org\/wp-content\/uploads\/2015\/04\/mies_hdr_pan.jpg\" \/><\/li><li class=\"image\"><img src=\"http:\/\/cms.raumdarstellung.org\/wp-content\/uploads\/2015\/04\/sophiaconche_hdr_pan.png\" \/><\/li><li class=\"image\"><img src=\"http:\/\/cms.raumdarstellung.org\/wp-content\/uploads\/2015\/04\/EisernerSteg.jpg\" \/><\/li><li class=\"image\"><img src=\"http:\/\/cms.raumdarstellung.org\/wp-content\/uploads\/2015\/04\/schottlaender.jpg\" \/><\/li><\/ul><\/div><\/div><\/div><div class=\"fusion-fullwidth fullwidth-box fusion-parallax-fixed\" style=\"border-color:#e5e4e4;border-bottom-width: 0px;border-top-width: 0px;border-bottom-style: solid;border-top-style: solid;padding-bottom:0px;padding-left:0px;padding-right:0px;padding-top:0px;background-attachment:fixed;background-position:center center;background-repeat:no-repeat;-webkit-background-size:cover;-moz-background-size:cover;-o-background-size:cover;background-size:cover;\"><div class=\"fusion-row\"><div class=\"fusion-title title\"><h2 class=\"title-heading-left\">High Dynamic Range Imaging (HDRI) \u2013 Hochkontrastierende Fotografie<\/h2><div class=\"title-sep-container\"><div class=\"title-sep sep-single\" style=\"border-color:#ffffff;\"><\/div><\/div><\/div><div class=\"fusion-one-half fusion-layout-column fusion-spacing-yes\" style=\"margin-top:0px;margin-bottom:20px;\"><div class=\"fusion-column-wrapper\"><p class=\"paragraph_style\">Herk\u00f6mmliche LDR (Low Dynamic Range) Bilder sind mit 256 Helligkeitsstufen (8 bit) je Farbkanal kodiert. Dies war bis vor einiger Zeit auch absolut ausreichend, weil Monitore, Kamerachips und auch Ausdrucke sowieso keinen h\u00f6heren Kontrastumfang erzeugen bzw. darstellen konnten. Die sogenannten RAW Daten k\u00f6nnen bis zu 16 bit kodiert werden, wobei die meisten handels\u00fcblichen Fotosensoren\u00a0zur Zeit davon nur 10-12 bit aussch\u00f6pfen. Um auf herk\u00f6mmlichen Medien dargestellt werden zu k\u00f6nnen, muss die Tonwertkurve des HDR Bildes komprimiert werden. Diesen Prozess nennt man Tone-Mapping, bei dem mittlerweile verschiedenen Operatoren bzw. Verfahren entwickelt wurden, denn die Problematik besteht darin, nicht nur die globalen Bildkontraste zusammen zu schieben, sondern dabei die lokalen Kontraste zu erhalten, um so eine langweilige Bildwirkung zu vermeiden. Ein sog. HDR Bild kann einen Kontrastumfang von 32 bit beschreiben. Dies \u00fcbersteigt nicht nur die F\u00e4higkeiten der Anzeigeger\u00e4te, sondern sogar die F\u00e4higkeiten des menschlichen Auges, weshalb ein solches Bild immer nur in einem Ausschnitt seines Kontrastumfanges angezeigt wird. Eine Hervorragende \u00dcbersicht \u00fcber die allgemeinen Fragen zur HDR Technologie in Englischer Sprache erhalten Sie hier:\u00a0<a href=\"http:\/\/www.hdrsoft.com\/resources\/dri.html\" target=\"_blank\">http:\/\/www.hdrsoft.com\/resources\/dri.html<\/a><\/p>\n<p>HDR Bilder finden beim IfR sowohl in der bildhaften, als auch in der technischen Fotografie Anwendung. In der bildhaften Fotografie verwenden wir das HDR Verfahren zur Erzeugung von Bildern, die n\u00e4her an der menschlichen Wahrnehmung komplexer hochkontrastierender Lichtsituation sind, vor allem im Innenbereich. Technisch sind wir mit Hilfe unserer fotometrisch kalibrierten Kameras in der Lage, auf der Basis von HDR Bildern Aussagen \u00fcber die Leuchtdichteverteilung im Raum zu treffen.<\/p>\n<div class=\"fusion-title title\"><h2 class=\"title-heading-left\">Hochkontrastierende Panoramafotografie<\/h2><div class=\"title-sep-container\"><div class=\"title-sep sep-single\" style=\"border-color:#ffffff;\"><\/div><\/div><\/div><p>Die 360\u00b0 Panoramafotografie verlangt besonders nach der HDr-Technologie, da hier durch die Drehung im vollen Kreis die Einschr\u00e4nkung des Bildausschnitts fehlt, der ja meist auch ein Ausschnitt des Kontrastumfangs einer Szene darstellt. Da dieser Ausschnitt im Panorama fehlt, muss in der Panoramafotografie grunds\u00e4tzlich mit h\u00f6heren Kontrasten gerechnet werden.<\/p>\n<\/div><\/div><div class=\"fusion-one-half fusion-layout-column fusion-column-last fusion-spacing-yes\" style=\"margin-top:0px;margin-bottom:20px;\"><div class=\"fusion-column-wrapper\"><div class=\"fusion-tabs fusion-tabs-1 classic horizontal-tabs\"><style type=\"text\/css\">.fusion-tabs.fusion-tabs-1 .nav-tabs li a{border-top-color:#f6f6f6;background-color:#f6f6f6;}.fusion-tabs.fusion-tabs-1 .nav-tabs{background-color:transparent;}.fusion-tabs.fusion-tabs-1 .nav-tabs li.active a,.fusion-tabs.fusion-tabs-1 .nav-tabs li.active a:hover,.fusion-tabs.fusion-tabs-1 .nav-tabs li.active a:focus{border-right-color:transparent;}.fusion-tabs.fusion-tabs-1 .nav-tabs li.active a,.fusion-tabs.fusion-tabs-1 .nav-tabs li.active a:hover,.fusion-tabs.fusion-tabs-1 .nav-tabs li.active a:focus{background-color:transparent;}.fusion-tabs.fusion-tabs-1 .nav-tabs li a:hover{background-color:transparent;border-top-color:transparent;}.fusion-tabs.fusion-tabs-1 .tab-pane{background-color:transparent;}.fusion-tabs.fusion-tabs-1 .nav,.fusion-tabs.fusion-tabs-1 .nav-tabs,.fusion-tabs.fusion-tabs-1 .tab-content .tab-pane{border-color:#2295cc;}<\/style><div class=\"nav\"><ul class=\"nav-tabs nav-justified\"><li class=\"active\"><a class=\"tab-link\" id=\"lichtsimulation\" href=\"#tab-5ed5fbf1b8559b65d05\" data-toggle=\"tab\"><h4 class=\"fusion-tab-heading\"><i class=\"fa fontawesome-icon fa-sun-o\"><\/i>Lichtsimulation<\/h4><\/a><\/li><li><a class=\"tab-link\" id=\"panoramafotografie\" href=\"#tab-f4e5558ea9dfa20d46a\" data-toggle=\"tab\"><h4 class=\"fusion-tab-heading\"><i class=\"fa fontawesome-icon fa-camera\"><\/i>Panoramafotografie<\/h4><\/a><\/li><li><a class=\"tab-link\" id=\"hdrleuchtbox\" href=\"#tab-1057020410e275dd911\" data-toggle=\"tab\"><h4 class=\"fusion-tab-heading\"><i class=\"fa fontawesome-icon fa-university\"><\/i>HDR Leuchtbox<\/h4><\/a><\/li><li><a class=\"tab-link\" id=\"fotometrie\" href=\"#tab-059b64da4d1a746402e\" data-toggle=\"tab\"><h4 class=\"fusion-tab-heading\"><i class=\"fa fontawesome-icon fa-camera\"><\/i>Fotometrie<\/h4><\/a><\/li><\/ul><\/div><div class=\"tab-content\"><div class=\"tab-pane fade in active\" id=\"tab-5ed5fbf1b8559b65d05\">Mittels Belichtungsreihen k\u00f6nnen hochkontrastierende sog.\u00a0HDR-Aufnahmen\u00a0erstellt werden, die die gesamte Lichtsituation umfassend beschreiben. Diese Technologie kann mit Panoramaaufnahmen kombiniert werden und mit Hilfe der <em>Image Based Lighting<\/em> Technologie als Lichtquelle in 3D Modellen Verwendung finden.<br \/>\n<div class=\"fusion-sep-clear\"><\/div><div class=\"fusion-separator fusion-full-width-sep sep-none\" style=\"border-color:#e0dede;margin-left: auto;margin-right: auto;margin-top:10px;\"><\/div><div class=\"fusion-button-wrapper fusion-alignleft\"><style type=\"text\/css\" scoped=\"scoped\">.fusion-button.button-1{border-width:1px;color:#ffffff;border-color:#ffffff;}.fusion-button.button-1.button-3d{-webkit-box-shadow: inset 0px 1px 0px #fff,0px 2px 0px #397bb5,1px 4px 4px 2px rgba(0,0,0,0.3);-moz-box-shadow: inset 0px 1px 0px #fff,0px 2px 0px #397bb5,1px 4px 4px 2px rgba(0,0,0,0.3);box-shadow: inset 0px 1px 0px #fff,0px 2px 0px #397bb5,1px 4px 4px 2px rgba(0,0,0,0.3);}.button-1.button-3d:active{-webkit-box-shadow: inset 0px 1px 0px #fff,0px 2px 0px #397bb5,1px 4px 4px 2px rgba(0,0,0,0.3);-moz-box-shadow: inset 0px 1px 0px #fff,0px 2px 0px #397bb5,1px 4px 4px 2px rgba(0,0,0,0.3);box-shadow: inset 0px 1px 0px #fff,0px 2px 0px #397bb5,1px 4px 4px 2px rgba(0,0,0,0.3);}.fusion-button.button-1:hover,.fusion-button.button-1:focus,.fusion-button.button-1:active{border-width:1px;border-color:#000000;color:#000000;}.fusion-button.button-1{background: #2295cc;}.fusion-button.button-1:hover,.button-1:focus,.fusion-button.button-1:active{background: #cccccc;}<\/style><a class=\"fusion-button button-3d button-square button-small button-custom button-1\" target=\"_self\" href=\"http:\/\/cms.raumdarstellung.org\/?p=13986\"><span class=\"button-icon-divider-left\"><i class=\"fa fa-arrow-right\"><\/i><\/span><span class=\"fusion-button-text-left\">Mehr erfahren<\/span><\/a><\/div><div class=\"fusion-sep-clear\"><\/div><div class=\"fusion-separator fusion-full-width-sep sep-none\" style=\"border-color:#e0dede;margin-left: auto;margin-right: auto;margin-top:15px;\"><\/div><\/div><div class=\"tab-pane fade\" id=\"tab-f4e5558ea9dfa20d46a\">Die Panoramafotografie erm\u00f6glicht die Erfassung des gesamten Raumes von einem Standpunkt aus. Es stehen mehrere Projektionsarten zur Auswahl, von denen die zylindrische und die kugelf\u00f6rmige Projektion die gebr\u00e4uchlichsten sind. Mehrere Panoramafotografien k\u00f6nnen zu interaktiven virtuellen Rundg\u00e4ngen verbunden werden, die um weitere Informationen erg\u00e4nzt und internetf\u00e4hig gemacht werden k\u00f6nnen.<br \/>\n<div class=\"fusion-sep-clear\"><\/div><div class=\"fusion-separator fusion-full-width-sep sep-none\" style=\"border-color:#e0dede;margin-left: auto;margin-right: auto;margin-top:10px;\"><\/div><div class=\"fusion-button-wrapper fusion-alignleft\"><style type=\"text\/css\" scoped=\"scoped\">.fusion-button.button-2{border-width:1px;color:#ffffff;border-color:#ffffff;}.fusion-button.button-2.button-3d{-webkit-box-shadow: inset 0px 1px 0px #fff,0px 2px 0px #397bb5,1px 4px 4px 2px rgba(0,0,0,0.3);-moz-box-shadow: inset 0px 1px 0px #fff,0px 2px 0px #397bb5,1px 4px 4px 2px rgba(0,0,0,0.3);box-shadow: inset 0px 1px 0px #fff,0px 2px 0px #397bb5,1px 4px 4px 2px rgba(0,0,0,0.3);}.button-2.button-3d:active{-webkit-box-shadow: inset 0px 1px 0px #fff,0px 2px 0px #397bb5,1px 4px 4px 2px rgba(0,0,0,0.3);-moz-box-shadow: inset 0px 1px 0px #fff,0px 2px 0px #397bb5,1px 4px 4px 2px rgba(0,0,0,0.3);box-shadow: inset 0px 1px 0px #fff,0px 2px 0px #397bb5,1px 4px 4px 2px rgba(0,0,0,0.3);}.fusion-button.button-2:hover,.fusion-button.button-2:focus,.fusion-button.button-2:active{border-width:1px;border-color:#000000;color:#000000;}.fusion-button.button-2{background: #2295cc;}.fusion-button.button-2:hover,.button-2:focus,.fusion-button.button-2:active{background: #cccccc;}<\/style><a class=\"fusion-button button-3d button-square button-small button-custom button-2\" target=\"_self\" href=\"http:\/\/cms.raumdarstellung.org\/?p=13891\"><span class=\"button-icon-divider-left\"><i class=\"fa fa-arrow-right\"><\/i><\/span><span class=\"fusion-button-text-left\">Mehr erfahren<\/span><\/a><\/div><div class=\"fusion-sep-clear\"><\/div><div class=\"fusion-separator fusion-full-width-sep sep-none\" style=\"border-color:#e0dede;margin-left: auto;margin-right: auto;margin-top:15px;\"><\/div><\/div><div class=\"tab-pane fade\" id=\"tab-1057020410e275dd911\">HDR-Bilder k\u00f6nnen in HDR-Exponaten in Ausstellungen Verwendung finden. Vom IfR entwickelte Leuchtk\u00e4sten k\u00f6nnen plan oder gekr\u00fcmmt hergestellt werden und eine realistische Lichtsituation wiedergeben.<br \/>\n<div class=\"fusion-sep-clear\"><\/div><div class=\"fusion-separator fusion-full-width-sep sep-none\" style=\"border-color:#e0dede;margin-left: auto;margin-right: auto;margin-top:10px;\"><\/div><div class=\"fusion-button-wrapper fusion-alignleft\"><style type=\"text\/css\" scoped=\"scoped\">.fusion-button.button-3{border-width:1px;color:#ffffff;border-color:#ffffff;}.fusion-button.button-3.button-3d{-webkit-box-shadow: inset 0px 1px 0px #fff,0px 2px 0px #397bb5,1px 4px 4px 2px rgba(0,0,0,0.3);-moz-box-shadow: inset 0px 1px 0px #fff,0px 2px 0px #397bb5,1px 4px 4px 2px rgba(0,0,0,0.3);box-shadow: inset 0px 1px 0px #fff,0px 2px 0px #397bb5,1px 4px 4px 2px rgba(0,0,0,0.3);}.button-3.button-3d:active{-webkit-box-shadow: inset 0px 1px 0px #fff,0px 2px 0px #397bb5,1px 4px 4px 2px rgba(0,0,0,0.3);-moz-box-shadow: inset 0px 1px 0px #fff,0px 2px 0px #397bb5,1px 4px 4px 2px rgba(0,0,0,0.3);box-shadow: inset 0px 1px 0px #fff,0px 2px 0px #397bb5,1px 4px 4px 2px rgba(0,0,0,0.3);}.fusion-button.button-3:hover,.fusion-button.button-3:focus,.fusion-button.button-3:active{border-width:1px;border-color:#000000;color:#000000;}.fusion-button.button-3{background: #2295cc;}.fusion-button.button-3:hover,.button-3:focus,.fusion-button.button-3:active{background: #cccccc;}<\/style><a class=\"fusion-button button-3d button-square button-small button-custom button-3\" target=\"_self\" href=\"http:\/\/cms.raumdarstellung.org\/?p=14027\"><span class=\"button-icon-divider-left\"><i class=\"fa fa-arrow-right\"><\/i><\/span><span class=\"fusion-button-text-left\">Mehr erfahren<\/span><\/a><\/div><div class=\"fusion-sep-clear\"><\/div><div class=\"fusion-separator fusion-full-width-sep sep-none\" style=\"border-color:#e0dede;margin-left: auto;margin-right: auto;margin-top:15px;\"><\/div><\/div><div class=\"tab-pane fade\" id=\"tab-059b64da4d1a746402e\">Unsere Kameras sind auch bez\u00fcglich der Beleuchtungssituation kalibriert. So lassen sich aus HDR Bildern belastbare Aussagen \u00fcber die Lichtsituation eines Ortes treffen.<br \/>\n<div class=\"fusion-sep-clear\"><\/div><div class=\"fusion-separator fusion-full-width-sep sep-none\" style=\"border-color:#e0dede;margin-left: auto;margin-right: auto;margin-top:10px;\"><\/div><div class=\"fusion-button-wrapper fusion-alignleft\"><style type=\"text\/css\" scoped=\"scoped\">.fusion-button.button-4{border-width:1px;color:#ffffff;border-color:#ffffff;}.fusion-button.button-4.button-3d{-webkit-box-shadow: inset 0px 1px 0px #fff,0px 2px 0px #397bb5,1px 4px 4px 2px rgba(0,0,0,0.3);-moz-box-shadow: inset 0px 1px 0px #fff,0px 2px 0px #397bb5,1px 4px 4px 2px rgba(0,0,0,0.3);box-shadow: inset 0px 1px 0px #fff,0px 2px 0px #397bb5,1px 4px 4px 2px rgba(0,0,0,0.3);}.button-4.button-3d:active{-webkit-box-shadow: inset 0px 1px 0px #fff,0px 2px 0px #397bb5,1px 4px 4px 2px rgba(0,0,0,0.3);-moz-box-shadow: inset 0px 1px 0px #fff,0px 2px 0px #397bb5,1px 4px 4px 2px rgba(0,0,0,0.3);box-shadow: inset 0px 1px 0px #fff,0px 2px 0px #397bb5,1px 4px 4px 2px rgba(0,0,0,0.3);}.fusion-button.button-4:hover,.fusion-button.button-4:focus,.fusion-button.button-4:active{border-width:1px;border-color:#000000;color:#000000;}.fusion-button.button-4{background: #2295cc;}.fusion-button.button-4:hover,.button-4:focus,.fusion-button.button-4:active{background: #cccccc;}<\/style><a class=\"fusion-button button-3d button-square button-small button-custom button-4\" target=\"_self\" href=\"http:\/\/cms.raumdarstellung.org\/?p=13935\"><span class=\"button-icon-divider-left\"><i class=\"fa fa-arrow-right\"><\/i><\/span><span class=\"fusion-button-text-left\">Mehr erfahren<\/span><\/a><\/div><div class=\"fusion-sep-clear\"><\/div><div class=\"fusion-separator fusion-full-width-sep sep-none\" style=\"border-color:#e0dede;margin-left: auto;margin-right: auto;margin-top:15px;\"><\/div><\/div><\/div><\/div><div class=\"accordian fusion-accordian\"><div class=\"panel-group\" id=\"accordion-13887-1\"><div class=\"fusion-panel panel-default\"><div class=\"panel-heading\"><h4 class=\"panel-title toggle\"><a data-toggle=\"collapse\" data-parent=\"#accordion-13887-1\" data-target=\"#4350f112a9fb841c6\" href=\"#4350f112a9fb841c6\"><i class=\"fa-fusion-box\"><\/i><div class=\"fusion-toggle-heading\">Tabelle Kontrastumfang 12-32 bit Formate<\/div><\/a><\/h4><\/div><div id=\"4350f112a9fb841c6\" class=\"panel-collapse collapse \"><div class=\"panel-body toggle-content\">\n<div class=\"table-1\">\n<table width=\"100%\">\n<thead>\n<tr>\n<th align=\"left\">Art<\/th>\n<th align=\"left\">Bittiefe per RGB-Kanal<\/th>\n<th align=\"left\">Bittiefe per Pixel<\/th>\n<th align=\"left\">Theoretisch m\u00f6glicher maximaler Kontrastumfang<\/th>\n<\/tr>\n<\/thead>\n<tbody>\n<tr>\n<td>12-bit CCD<\/td>\n<td>12<\/td>\n<td>36<\/td>\n<td>4096:1<\/td>\n<\/tr>\n<tr>\n<td>14-bit CCD<\/td>\n<td>14<\/td>\n<td>42<\/td>\n<td>16384:1<\/td>\n<\/tr>\n<tr>\n<td>16-bit TIFF<\/td>\n<td>16<\/td>\n<td>48<\/td>\n<td>65536:1<\/td>\n<\/tr>\n<tr>\n<td>HDR image<\/td>\n<td>32<\/td>\n<td>96<\/td>\n<td>4294967296:1<\/td>\n<\/tr>\n<\/tbody>\n<\/table>\n<\/div>\n<p>Quelle: HDRsoft.com<\/div><\/div><\/div><div class=\"fusion-panel panel-default\"><div class=\"panel-heading\"><h4 class=\"panel-title toggle\"><a data-toggle=\"collapse\" data-parent=\"#accordion-13887-1\" data-target=\"#9a212f025e6451777\" href=\"#9a212f025e6451777\"><i class=\"fa-fusion-box\"><\/i><div class=\"fusion-toggle-heading\">Tabelle der Leuchtdichte \u00fcblicher Lichtsituationen auf der Erde<\/div><\/a><\/h4><\/div><div id=\"9a212f025e6451777\" class=\"panel-collapse collapse \"><div class=\"panel-body toggle-content\">\n<div class=\"table-1\">\n<table width=\"100%\">\n<thead>\n<tr>\n<th align=\"left\">Lichtsituation<\/th>\n<th align=\"left\">Leuchtdichte<\/th>\n<\/tr>\n<\/thead>\n<tbody>\n<tr>\n<td>Sternklare Nacht<\/td>\n<td>10<sup>-3<\/sup><\/td>\n<\/tr>\n<tr>\n<td>Mondlicht<\/td>\n<td>10<sup>-1<\/sup><\/td>\n<\/tr>\n<tr>\n<td>Innenr\u00e4ume<\/td>\n<td>10<sup>2<\/sup><\/td>\n<\/tr>\n<tr>\n<td>Sonnenlicht<\/td>\n<td>10<sup>5<\/sup><\/td>\n<\/tr>\n<tr>\n<td>Max. R\u00f6hrenmonitor<\/td>\n<td>10<sup>2<\/sup><\/td>\n<\/tr>\n<\/tbody>\n<\/table>\n<p>Quelle: Rheinhard et al.: High Dynamic Range Imaging, San Francisco 2006.<\/p>\n<\/div>\n<\/div><\/div><\/div><\/div><\/div><\/div><\/div><div class=\"fusion-clearfix\"><\/div><\/div><\/div><div class=\"fusion-fullwidth fullwidth-box fusion-parallax-fixed\" style=\"border-color:#e5e4e4;border-bottom-width: 0px;border-top-width: 0px;border-bottom-style: solid;border-top-style: solid;padding-bottom:15px;padding-left:0px;padding-right:0px;padding-top:35px;background-attachment:fixed;background-color:#2295cc;background-position:left top;background-repeat:no-repeat;-webkit-background-size:cover;-moz-background-size:cover;-o-background-size:cover;background-size:cover;\"><div class=\"fusion-row\"><div class=\"fusion-one-third one_third fusion-layout-column fusion-spacing-yes\" style=\"margin-top:0px;margin-bottom:20px;\"><div class=\"fusion-column-wrapper\" style=\"border:0px solid #2295cc;\"><div class=\"fusion-sep-clear\"><\/div><div class=\"fusion-separator fusion-full-width-sep sep-double\" style=\"border-color:#ffffff;border-top-width:1px;border-bottom-width:1px;margin-left: auto;margin-right: auto;margin-top:25px;margin-bottom:25px;\"><\/div><\/div><\/div><div class=\"fusion-one-third one_third fusion-layout-column fusion-spacing-yes\" style=\"margin-top:0px;margin-bottom:20px;\"><div class=\"fusion-column-wrapper\"><div class=\"fusion-button-wrapper fusion-aligncenter\"><style type=\"text\/css\" scoped=\"scoped\">.fusion-button.button-5{border-width:2px;color:#ffffff;border-color:#ffffff;}.fusion-button.button-5:hover,.fusion-button.button-5:focus,.fusion-button.button-5:active{border-width:2px;border-color:#000000;color:#000000;}.fusion-button.button-5{background: transparent;}.fusion-button.button-5:hover,.button-5:focus,.fusion-button.button-5:active{background: rgba(255, 255, 255, 0.09);}<\/style><a class=\"fusion-button button-flat button-round button-xlarge button-custom button-5 fusion-animated\" data-animationType=\"bounce\" data-animationDuration=\"1\" target=\"_blank\" href=\"mailto:info@raumdarstellung.org\"><span class=\"button-icon-divider-left\"><i class=\"fa fa-envelope-o\"><\/i><\/span><span class=\"fusion-button-text-left\">Kontaktieren Sie uns!<\/span><\/a><\/div><\/div><\/div><div class=\"fusion-one-third one_third fusion-layout-column fusion-column-last fusion-spacing-yes\" style=\"margin-top:0px;margin-bottom:20px;\"><div class=\"fusion-column-wrapper\" style=\"border:0px solid #2295cc;\"><div class=\"fusion-sep-clear\"><\/div><div class=\"fusion-separator fusion-full-width-sep sep-double\" style=\"border-color:#ffffff;border-top-width:1px;border-bottom-width:1px;margin-left: auto;margin-right: auto;margin-top:25px;margin-bottom:25px;\"><\/div><\/div><\/div><div class=\"fusion-clearfix\"><\/div><\/div><\/div><div class=\"fusion-sep-clear\"><\/div><div class=\"fusion-separator fusion-full-width-sep sep-none\" style=\"border-color:#e0dede;margin-left: auto;margin-right: auto;margin-top:px;margin-bottom:-45px;\"><\/div>\n","protected":false},"excerpt":{"rendered":"","protected":false},"author":1,"featured_media":0,"parent":13859,"menu_order":0,"comment_status":"closed","ping_status":"closed","template":"100-width.php","meta":[],"_links":{"self":[{"href":"http:\/\/cms.raumdarstellung.org\/index.php?rest_route=\/wp\/v2\/pages\/13887"}],"collection":[{"href":"http:\/\/cms.raumdarstellung.org\/index.php?rest_route=\/wp\/v2\/pages"}],"about":[{"href":"http:\/\/cms.raumdarstellung.org\/index.php?rest_route=\/wp\/v2\/types\/page"}],"author":[{"embeddable":true,"href":"http:\/\/cms.raumdarstellung.org\/index.php?rest_route=\/wp\/v2\/users\/1"}],"replies":[{"embeddable":true,"href":"http:\/\/cms.raumdarstellung.org\/index.php?rest_route=%2Fwp%2Fv2%2Fcomments&post=13887"}],"version-history":[{"count":21,"href":"http:\/\/cms.raumdarstellung.org\/index.php?rest_route=\/wp\/v2\/pages\/13887\/revisions"}],"predecessor-version":[{"id":14252,"href":"http:\/\/cms.raumdarstellung.org\/index.php?rest_route=\/wp\/v2\/pages\/13887\/revisions\/14252"}],"up":[{"embeddable":true,"href":"http:\/\/cms.raumdarstellung.org\/index.php?rest_route=\/wp\/v2\/pages\/13859"}],"wp:attachment":[{"href":"http:\/\/cms.raumdarstellung.org\/index.php?rest_route=%2Fwp%2Fv2%2Fmedia&parent=13887"}],"curies":[{"name":"wp","href":"https:\/\/api.w.org\/{rel}","templated":true}]}}