{"id":13859,"date":"2015-04-15T09:07:57","date_gmt":"2015-04-15T07:07:57","guid":{"rendered":"http:\/\/cms.raumdarstellung.org\/?page_id=13859"},"modified":"2015-04-28T12:08:08","modified_gmt":"2015-04-28T10:08:08","slug":"fotodokumentation","status":"publish","type":"page","link":"http:\/\/cms.raumdarstellung.org\/?page_id=13859","title":{"rendered":"Fotodokumentation"},"content":{"rendered":"<div class=\"fusion-fullwidth fullwidth-box fusion-parallax-none\" style=\"border-color:#eae9e9;border-bottom-width: 0px;border-top-width: 0px;border-bottom-style: solid;border-top-style: solid;padding-bottom:20px;padding-left:0px;padding-right:0px;padding-top:20px;background-position:left top;background-repeat:no-repeat;-webkit-background-size:cover;-moz-background-size:cover;-o-background-size:cover;background-size:cover;\"><div class=\"fusion-row\"><div class=\"fusion-slider-sc flexslider\" style=\"max-width:100%;height:100%;\"><ul class=\"slides\"><li class=\"image\"><img src=\"http:\/\/cms.raumdarstellung.org\/wp-content\/uploads\/2015\/04\/der_morgen_pan.png\" \/><\/li><li class=\"image\"><img src=\"http:\/\/cms.raumdarstellung.org\/wp-content\/uploads\/2015\/04\/SaoFelipe_pan.png\" \/><\/li><li class=\"image\"><img src=\"http:\/\/cms.raumdarstellung.org\/wp-content\/uploads\/2015\/04\/eden_pan.png\" \/><\/li><li class=\"image\"><img src=\"http:\/\/cms.raumdarstellung.org\/wp-content\/uploads\/2015\/04\/hotel_cambodiana_pan.png\" \/><\/li><\/ul><\/div><\/div><\/div><div class=\"fusion-fullwidth fullwidth-box fusion-parallax-fixed\" style=\"border-color:#e5e4e4;border-bottom-width: 0px;border-top-width: 0px;border-bottom-style: solid;border-top-style: solid;padding-bottom:0px;padding-left:0px;padding-right:0px;padding-top:0px;background-attachment:fixed;background-position:center center;background-repeat:no-repeat;-webkit-background-size:cover;-moz-background-size:cover;-o-background-size:cover;background-size:cover;\"><div class=\"fusion-row\"><div class=\"fusion-title title\"><h2 class=\"title-heading-left\">Fotodokumentation<\/h2><div class=\"title-sep-container\"><div class=\"title-sep sep-single\" style=\"border-color:#ffffff;\"><\/div><\/div><\/div><div class=\"fusion-one-half fusion-layout-column fusion-spacing-yes\" style=\"margin-top:0px;margin-bottom:20px;\"><div class=\"fusion-column-wrapper\"><p class=\"paragraph_style\">Bei der Fotodokumentation wird grunds\u00e4tzlich zwischen der bildhaften und der technischen Fotografie unterschieden.<\/p>\n<p class=\"paragraph_style\">Die bildhafte Fotografie stellt Raumzusammenh\u00e4nge und -qualit\u00e4ten perspektivisch dar. Sie eignet sich auch zur Erfassung atmosph\u00e4rischer Qualit\u00e4ten z.B. zu bestimmten Tages- oder Jahreszeiten. Je nach abzubildenden Inhalten kommen hier unterschiedliche Objektive zum Einsatz. Die bildhafte Fotografie dient meist zur Erg\u00e4nzung des\u00a0Raumbuches.<\/p>\n<p class=\"paragraph_style\">Die technische Fotografie kann dazu dienen, direkt Messbilder f\u00fcr die\u00a0Bauaufnahme\u00a0zu liefern, wenn die aufzunehmenden Objekte in einer Ebene liegen und die Aufnahmen orthogonal dazu hergestellt werden. Unter Zuhilfenahme spezieller Software k\u00f6nnen aus diesen Fotografien auch direkt 3D-Modelle generiert werden.<\/p>\n<\/div><\/div><div class=\"fusion-one-half fusion-layout-column fusion-column-last fusion-spacing-yes\" style=\"margin-top:0px;margin-bottom:20px;\"><div class=\"fusion-column-wrapper\"><div class=\"fusion-tabs fusion-tabs-1 classic horizontal-tabs\"><style type=\"text\/css\">.fusion-tabs.fusion-tabs-1 .nav-tabs li a{border-top-color:#f6f6f6;background-color:#f6f6f6;}.fusion-tabs.fusion-tabs-1 .nav-tabs{background-color:transparent;}.fusion-tabs.fusion-tabs-1 .nav-tabs li.active a,.fusion-tabs.fusion-tabs-1 .nav-tabs li.active a:hover,.fusion-tabs.fusion-tabs-1 .nav-tabs li.active a:focus{border-right-color:transparent;}.fusion-tabs.fusion-tabs-1 .nav-tabs li.active a,.fusion-tabs.fusion-tabs-1 .nav-tabs li.active a:hover,.fusion-tabs.fusion-tabs-1 .nav-tabs li.active a:focus{background-color:transparent;}.fusion-tabs.fusion-tabs-1 .nav-tabs li a:hover{background-color:transparent;border-top-color:transparent;}.fusion-tabs.fusion-tabs-1 .tab-pane{background-color:transparent;}.fusion-tabs.fusion-tabs-1 .nav,.fusion-tabs.fusion-tabs-1 .nav-tabs,.fusion-tabs.fusion-tabs-1 .tab-content .tab-pane{border-color:#2295cc;}<\/style><div class=\"nav\"><ul class=\"nav-tabs nav-justified\"><li class=\"active\"><a class=\"tab-link\" id=\"hdri\" href=\"#tab-3d79b9292639debe445\" data-toggle=\"tab\"><h4 class=\"fusion-tab-heading\"><i class=\"fa fontawesome-icon fa-camera\"><\/i>HDRI<\/h4><\/a><\/li><li><a class=\"tab-link\" id=\"panoramafotografie\" href=\"#tab-49046f51773b2e97323\" data-toggle=\"tab\"><h4 class=\"fusion-tab-heading\"><i class=\"fa fontawesome-icon fa-camera\"><\/i>Panoramafotografie<\/h4><\/a><\/li><li><a class=\"tab-link\" id=\"farbe\" href=\"#tab-0983853309a20fdb7f3\" data-toggle=\"tab\"><h4 class=\"fusion-tab-heading\"><i class=\"fa fontawesome-icon fa-camera\"><\/i>Farbe<\/h4><\/a><\/li><li><a class=\"tab-link\" id=\"fotometrie\" href=\"#tab-6f9073174f8fd6461e5\" data-toggle=\"tab\"><h4 class=\"fusion-tab-heading\"><i class=\"fa fontawesome-icon fa-camera\"><\/i>Fotometrie<\/h4><\/a><\/li><\/ul><\/div><div class=\"tab-content\"><div class=\"tab-pane fade in active\" id=\"tab-3d79b9292639debe445\">Mittels Belichtungsreihen k\u00f6nnen hochkontrastierende sog.\u00a0HDR-Aufnahmen\u00a0erstellt werden, die die gesamte Lichtsituation umfassend beschreiben. Diese Technologie kann mit Panoramaaufnahmen kombiniert werden und mit Hilfe der <em>Image Based Lighting<\/em> Technologie als Lichtquelle in 3D Modellen Verwendung finden.<br \/>\n<div class=\"fusion-sep-clear\"><\/div><div class=\"fusion-separator fusion-full-width-sep sep-none\" style=\"border-color:#e0dede;margin-left: auto;margin-right: auto;margin-top:10px;\"><\/div><div class=\"fusion-button-wrapper fusion-alignleft\"><style type=\"text\/css\" scoped=\"scoped\">.fusion-button.button-1{border-width:1px;color:#ffffff;border-color:#ffffff;}.fusion-button.button-1.button-3d{-webkit-box-shadow: inset 0px 1px 0px #fff,0px 2px 0px #397bb5,1px 4px 4px 2px rgba(0,0,0,0.3);-moz-box-shadow: inset 0px 1px 0px #fff,0px 2px 0px #397bb5,1px 4px 4px 2px rgba(0,0,0,0.3);box-shadow: inset 0px 1px 0px #fff,0px 2px 0px #397bb5,1px 4px 4px 2px rgba(0,0,0,0.3);}.button-1.button-3d:active{-webkit-box-shadow: inset 0px 1px 0px #fff,0px 2px 0px #397bb5,1px 4px 4px 2px rgba(0,0,0,0.3);-moz-box-shadow: inset 0px 1px 0px #fff,0px 2px 0px #397bb5,1px 4px 4px 2px rgba(0,0,0,0.3);box-shadow: inset 0px 1px 0px #fff,0px 2px 0px #397bb5,1px 4px 4px 2px rgba(0,0,0,0.3);}.fusion-button.button-1:hover,.fusion-button.button-1:focus,.fusion-button.button-1:active{border-width:1px;border-color:#000000;color:#000000;}.fusion-button.button-1{background: #2295cc;}.fusion-button.button-1:hover,.button-1:focus,.fusion-button.button-1:active{background: #cccccc;}<\/style><a class=\"fusion-button button-3d button-square button-small button-custom button-1\" target=\"_self\" href=\"http:\/\/cms.raumdarstellung.org\/?p=13887\"><span class=\"button-icon-divider-left\"><i class=\"fa fa-arrow-right\"><\/i><\/span><span class=\"fusion-button-text-left\">Mehr erfahren<\/span><\/a><\/div><div class=\"fusion-sep-clear\"><\/div><div class=\"fusion-separator fusion-full-width-sep sep-none\" style=\"border-color:#e0dede;margin-left: auto;margin-right: auto;margin-top:15px;\"><\/div><\/div><div class=\"tab-pane fade\" id=\"tab-49046f51773b2e97323\">Die Panoramafotografie erm\u00f6glicht die Erfassung des gesamten Raumes von einem Standpunkt aus. Es stehen mehrere Projektionsarten zur Auswahl, von denen die zylindrische und die kugelf\u00f6rmige Projektion die gebr\u00e4uchlichsten sind. Mehrere Panoramafotografien k\u00f6nnen zu interaktiven virtuellen Rundg\u00e4ngen verbunden werden, die um weitere Informationen erg\u00e4nzt und internetf\u00e4hig gemacht werden k\u00f6nnen.<br \/>\n<div class=\"fusion-sep-clear\"><\/div><div class=\"fusion-separator fusion-full-width-sep sep-none\" style=\"border-color:#e0dede;margin-left: auto;margin-right: auto;margin-top:10px;\"><\/div><div class=\"fusion-button-wrapper fusion-alignleft\"><style type=\"text\/css\" scoped=\"scoped\">.fusion-button.button-2{border-width:1px;color:#ffffff;border-color:#ffffff;}.fusion-button.button-2.button-3d{-webkit-box-shadow: inset 0px 1px 0px #fff,0px 2px 0px #397bb5,1px 4px 4px 2px rgba(0,0,0,0.3);-moz-box-shadow: inset 0px 1px 0px #fff,0px 2px 0px #397bb5,1px 4px 4px 2px rgba(0,0,0,0.3);box-shadow: inset 0px 1px 0px #fff,0px 2px 0px #397bb5,1px 4px 4px 2px rgba(0,0,0,0.3);}.button-2.button-3d:active{-webkit-box-shadow: inset 0px 1px 0px #fff,0px 2px 0px #397bb5,1px 4px 4px 2px rgba(0,0,0,0.3);-moz-box-shadow: inset 0px 1px 0px #fff,0px 2px 0px #397bb5,1px 4px 4px 2px rgba(0,0,0,0.3);box-shadow: inset 0px 1px 0px #fff,0px 2px 0px #397bb5,1px 4px 4px 2px rgba(0,0,0,0.3);}.fusion-button.button-2:hover,.fusion-button.button-2:focus,.fusion-button.button-2:active{border-width:1px;border-color:#000000;color:#000000;}.fusion-button.button-2{background: #2295cc;}.fusion-button.button-2:hover,.button-2:focus,.fusion-button.button-2:active{background: #cccccc;}<\/style><a class=\"fusion-button button-3d button-square button-small button-custom button-2\" target=\"_self\" href=\"http:\/\/cms.raumdarstellung.org\/?p=13891\"><span class=\"button-icon-divider-left\"><i class=\"fa fa-arrow-right\"><\/i><\/span><span class=\"fusion-button-text-left\">Mehr erfahren<\/span><\/a><\/div><div class=\"fusion-sep-clear\"><\/div><div class=\"fusion-separator fusion-full-width-sep sep-none\" style=\"border-color:#e0dede;margin-left: auto;margin-right: auto;margin-top:15px;\"><\/div><\/div><div class=\"tab-pane fade\" id=\"tab-0983853309a20fdb7f3\">Bei Fotodokumentationen des IfR kommen ausschlie\u00dflich farbkalibriert Kameras zum Einsatz.<br \/>\n<div class=\"fusion-sep-clear\"><\/div><div class=\"fusion-separator fusion-full-width-sep sep-none\" style=\"border-color:#e0dede;margin-left: auto;margin-right: auto;margin-top:10px;\"><\/div><div class=\"fusion-button-wrapper fusion-alignleft\"><style type=\"text\/css\" scoped=\"scoped\">.fusion-button.button-3{border-width:1px;color:#ffffff;border-color:#ffffff;}.fusion-button.button-3.button-3d{-webkit-box-shadow: inset 0px 1px 0px #fff,0px 2px 0px #397bb5,1px 4px 4px 2px rgba(0,0,0,0.3);-moz-box-shadow: inset 0px 1px 0px #fff,0px 2px 0px #397bb5,1px 4px 4px 2px rgba(0,0,0,0.3);box-shadow: inset 0px 1px 0px #fff,0px 2px 0px #397bb5,1px 4px 4px 2px rgba(0,0,0,0.3);}.button-3.button-3d:active{-webkit-box-shadow: inset 0px 1px 0px #fff,0px 2px 0px #397bb5,1px 4px 4px 2px rgba(0,0,0,0.3);-moz-box-shadow: inset 0px 1px 0px #fff,0px 2px 0px #397bb5,1px 4px 4px 2px rgba(0,0,0,0.3);box-shadow: inset 0px 1px 0px #fff,0px 2px 0px #397bb5,1px 4px 4px 2px rgba(0,0,0,0.3);}.fusion-button.button-3:hover,.fusion-button.button-3:focus,.fusion-button.button-3:active{border-width:1px;border-color:#000000;color:#000000;}.fusion-button.button-3{background: #2295cc;}.fusion-button.button-3:hover,.button-3:focus,.fusion-button.button-3:active{background: #cccccc;}<\/style><a class=\"fusion-button button-3d button-square button-small button-custom button-3\" target=\"_self\" href=\"http:\/\/cms.raumdarstellung.org\/?p=13926\"><span class=\"button-icon-divider-left\"><i class=\"fa fa-arrow-right\"><\/i><\/span><span class=\"fusion-button-text-left\">Mehr erfahren<\/span><\/a><\/div><div class=\"fusion-sep-clear\"><\/div><div class=\"fusion-separator fusion-full-width-sep sep-none\" style=\"border-color:#e0dede;margin-left: auto;margin-right: auto;margin-top:15px;\"><\/div><\/div><div class=\"tab-pane fade\" id=\"tab-6f9073174f8fd6461e5\">Unsere Kameras sind auch bez\u00fcglich der Beleuchtungssituation kalibriert. So lassen sich aus HDR Bildern belastbare Aussagen \u00fcber die Lichtsituation eines Ortes treffen.<br \/>\n<div class=\"fusion-sep-clear\"><\/div><div class=\"fusion-separator fusion-full-width-sep sep-none\" style=\"border-color:#e0dede;margin-left: auto;margin-right: auto;margin-top:10px;\"><\/div><div class=\"fusion-button-wrapper fusion-alignleft\"><style type=\"text\/css\" scoped=\"scoped\">.fusion-button.button-4{border-width:1px;color:#ffffff;border-color:#ffffff;}.fusion-button.button-4.button-3d{-webkit-box-shadow: inset 0px 1px 0px #fff,0px 2px 0px #397bb5,1px 4px 4px 2px rgba(0,0,0,0.3);-moz-box-shadow: inset 0px 1px 0px #fff,0px 2px 0px #397bb5,1px 4px 4px 2px rgba(0,0,0,0.3);box-shadow: inset 0px 1px 0px #fff,0px 2px 0px #397bb5,1px 4px 4px 2px rgba(0,0,0,0.3);}.button-4.button-3d:active{-webkit-box-shadow: inset 0px 1px 0px #fff,0px 2px 0px #397bb5,1px 4px 4px 2px rgba(0,0,0,0.3);-moz-box-shadow: inset 0px 1px 0px #fff,0px 2px 0px #397bb5,1px 4px 4px 2px rgba(0,0,0,0.3);box-shadow: inset 0px 1px 0px #fff,0px 2px 0px #397bb5,1px 4px 4px 2px rgba(0,0,0,0.3);}.fusion-button.button-4:hover,.fusion-button.button-4:focus,.fusion-button.button-4:active{border-width:1px;border-color:#000000;color:#000000;}.fusion-button.button-4{background: #2295cc;}.fusion-button.button-4:hover,.button-4:focus,.fusion-button.button-4:active{background: #cccccc;}<\/style><a class=\"fusion-button button-3d button-square button-small button-custom button-4\" target=\"_self\" href=\"http:\/\/cms.raumdarstellung.org\/?p=13935\"><span class=\"button-icon-divider-left\"><i class=\"fa fa-arrow-right\"><\/i><\/span><span class=\"fusion-button-text-left\">Mehr erfahren<\/span><\/a><\/div><div class=\"fusion-sep-clear\"><\/div><div class=\"fusion-separator fusion-full-width-sep sep-none\" style=\"border-color:#e0dede;margin-left: auto;margin-right: auto;margin-top:15px;\"><\/div><\/div><\/div><\/div><\/div><\/div><div class=\"fusion-clearfix\"><\/div><\/div><\/div><div class=\"fusion-fullwidth fullwidth-box fusion-parallax-fixed\" style=\"border-color:#e5e4e4;border-bottom-width: 0px;border-top-width: 0px;border-bottom-style: solid;border-top-style: solid;padding-bottom:15px;padding-left:0px;padding-right:0px;padding-top:35px;background-attachment:fixed;background-color:#2295cc;background-position:left top;background-repeat:no-repeat;-webkit-background-size:cover;-moz-background-size:cover;-o-background-size:cover;background-size:cover;\"><div class=\"fusion-row\"><div class=\"fusion-one-third one_third fusion-layout-column fusion-spacing-yes\" style=\"margin-top:0px;margin-bottom:20px;\"><div class=\"fusion-column-wrapper\" style=\"border:0px solid #2295cc;\"><div class=\"fusion-sep-clear\"><\/div><div class=\"fusion-separator fusion-full-width-sep sep-double\" style=\"border-color:#ffffff;border-top-width:1px;border-bottom-width:1px;margin-left: auto;margin-right: auto;margin-top:25px;margin-bottom:25px;\"><\/div><\/div><\/div><div class=\"fusion-one-third one_third fusion-layout-column fusion-spacing-yes\" style=\"margin-top:0px;margin-bottom:20px;\"><div class=\"fusion-column-wrapper\"><div class=\"fusion-button-wrapper fusion-aligncenter\"><style type=\"text\/css\" scoped=\"scoped\">.fusion-button.button-5{border-width:2px;color:#ffffff;border-color:#ffffff;}.fusion-button.button-5:hover,.fusion-button.button-5:focus,.fusion-button.button-5:active{border-width:2px;border-color:#000000;color:#000000;}.fusion-button.button-5{background: transparent;}.fusion-button.button-5:hover,.button-5:focus,.fusion-button.button-5:active{background: rgba(255, 255, 255, 0.09);}<\/style><a class=\"fusion-button button-flat button-round button-xlarge button-custom button-5 fusion-animated\" data-animationType=\"bounce\" data-animationDuration=\"1\" target=\"_blank\" href=\"mailto:info@raumdarstellung.org\"><span class=\"button-icon-divider-left\"><i class=\"fa fa-envelope-o\"><\/i><\/span><span class=\"fusion-button-text-left\">Kontaktieren Sie uns!<\/span><\/a><\/div><\/div><\/div><div class=\"fusion-one-third one_third fusion-layout-column fusion-column-last fusion-spacing-yes\" style=\"margin-top:0px;margin-bottom:20px;\"><div class=\"fusion-column-wrapper\" style=\"border:0px solid #2295cc;\"><div class=\"fusion-sep-clear\"><\/div><div class=\"fusion-separator fusion-full-width-sep sep-double\" style=\"border-color:#ffffff;border-top-width:1px;border-bottom-width:1px;margin-left: auto;margin-right: auto;margin-top:25px;margin-bottom:25px;\"><\/div><\/div><\/div><div class=\"fusion-clearfix\"><\/div><\/div><\/div><div class=\"fusion-sep-clear\"><\/div><div class=\"fusion-separator fusion-full-width-sep sep-none\" style=\"border-color:#e0dede;margin-left: auto;margin-right: auto;margin-top:px;margin-bottom:-45px;\"><\/div>\n","protected":false},"excerpt":{"rendered":"","protected":false},"author":1,"featured_media":0,"parent":13509,"menu_order":0,"comment_status":"closed","ping_status":"closed","template":"100-width.php","meta":[],"_links":{"self":[{"href":"http:\/\/cms.raumdarstellung.org\/index.php?rest_route=\/wp\/v2\/pages\/13859"}],"collection":[{"href":"http:\/\/cms.raumdarstellung.org\/index.php?rest_route=\/wp\/v2\/pages"}],"about":[{"href":"http:\/\/cms.raumdarstellung.org\/index.php?rest_route=\/wp\/v2\/types\/page"}],"author":[{"embeddable":true,"href":"http:\/\/cms.raumdarstellung.org\/index.php?rest_route=\/wp\/v2\/users\/1"}],"replies":[{"embeddable":true,"href":"http:\/\/cms.raumdarstellung.org\/index.php?rest_route=%2Fwp%2Fv2%2Fcomments&post=13859"}],"version-history":[{"count":16,"href":"http:\/\/cms.raumdarstellung.org\/index.php?rest_route=\/wp\/v2\/pages\/13859\/revisions"}],"predecessor-version":[{"id":14241,"href":"http:\/\/cms.raumdarstellung.org\/index.php?rest_route=\/wp\/v2\/pages\/13859\/revisions\/14241"}],"up":[{"embeddable":true,"href":"http:\/\/cms.raumdarstellung.org\/index.php?rest_route=\/wp\/v2\/pages\/13509"}],"wp:attachment":[{"href":"http:\/\/cms.raumdarstellung.org\/index.php?rest_route=%2Fwp%2Fv2%2Fmedia&parent=13859"}],"curies":[{"name":"wp","href":"https:\/\/api.w.org\/{rel}","templated":true}]}}