{"id":13540,"date":"2015-04-13T13:35:07","date_gmt":"2015-04-13T11:35:07","guid":{"rendered":"http:\/\/cms.raumdarstellung.org\/?page_id=13540"},"modified":"2015-05-17T22:32:45","modified_gmt":"2015-05-17T20:32:45","slug":"raumforschung","status":"publish","type":"page","link":"http:\/\/cms.raumdarstellung.org\/?page_id=13540","title":{"rendered":"Raumforschung"},"content":{"rendered":"<div class=\"fusion-fullwidth fullwidth-box fusion-parallax-none\" style=\"border-color:#eae9e9;border-bottom-width: 0px;border-top-width: 0px;border-bottom-style: solid;border-top-style: solid;padding-bottom:70px;padding-left:30px;padding-right:30px;padding-top:0px;background-position:left top;background-repeat:no-repeat;-webkit-background-size:cover;-moz-background-size:cover;-o-background-size:cover;background-size:cover;\"><div class=\"fusion-row\"><div class=\"fusion-slider-sc flexslider\" style=\"max-width:100%;height:100%;\"><ul class=\"slides\"><li class=\"image\"><img src=\"http:\/\/cms.raumdarstellung.org\/wp-content\/uploads\/2015\/05\/eroeffnungKAH-72.jpg\" \/><\/li><li class=\"image\"><img src=\"http:\/\/cms.raumdarstellung.org\/wp-content\/uploads\/2015\/04\/CHML_text.png\" \/><\/li><li class=\"image\"><img src=\"http:\/\/cms.raumdarstellung.org\/wp-content\/uploads\/2015\/04\/wissKIsour_kamin.png\" \/><\/li><li class=\"image\"><img src=\"http:\/\/cms.raumdarstellung.org\/wp-content\/uploads\/2015\/04\/WissKIsour_netz.png\" \/><\/li><li class=\"image\"><img src=\"http:\/\/cms.raumdarstellung.org\/wp-content\/uploads\/2015\/05\/eroeffnungKAH-53.jpg\" \/><\/li><li class=\"image\"><img src=\"http:\/\/cms.raumdarstellung.org\/wp-content\/uploads\/2015\/05\/eroeffnungKAH-66.jpg\" \/><\/li><li class=\"image\"><img src=\"http:\/\/cms.raumdarstellung.org\/wp-content\/uploads\/2015\/04\/CHML_code.png\" \/><\/li><li class=\"image\"><img src=\"http:\/\/cms.raumdarstellung.org\/wp-content\/uploads\/2015\/04\/WissKIsour_photo.png\" \/><\/li><li class=\"image\"><img src=\"http:\/\/cms.raumdarstellung.org\/wp-content\/uploads\/2015\/04\/chml-graph.png\" \/><\/li><\/ul><\/div><div class=\"fusion-one-half fusion-layout-column fusion-spacing-yes\" style=\"margin-top:0px;margin-bottom:20px;\"><div class=\"fusion-column-wrapper\"><h2>Raumforschung<\/h2>\n<p class=\"paragraph_style\">Das Institut f\u00fcr Raumdarstellung entwickelte sich aus der Erfahrung in Forschung und Lehre und verstetigt diese in Lehrauftr\u00e4gen an der TU Darmstadt, FH Mainz sowie der TU Warschau (Polen).<\/p>\n<p class=\"paragraph_style\">Das Arbeitsgebiet umfasst 3D Computer Rekonstruktionen zerst\u00f6rter Architektur, Lichtsimulation und multimediale Raum(re-)pr\u00e4sentationen.<\/p>\n<p class=\"paragraph_style\">Einen wichtigen Aspekt der Institutsarbeit stellt die Projektentwicklung und Koordination in Zusammenarbeit mit Forschungsinstitutionen im In- und Ausland dar.<\/p>\n<p class=\"paragraph_style\">In Zusammenarbeit mit dem Fachgebiet \u201eKlassische Arch\u00e4ologie\u201c an der TU Darmstadt wurde in interdisziplin\u00e4rerer Forschungsarbeit die Baugeschichte der Hagia Sophia buchst\u00e4blich in neues Licht gebracht.\u00a0Aus dem Projekt heraus wurden \u2013 gef\u00f6rdert von der Franz u. Eva Rutzen-Stiftung in Zusammenarbeit mit der TU Darmstadt \u2013 drei hochkontrastierende Exponate zur r\u00e4umlichen Darstellung der Hagia Sophia Justinians entwickelt. Die Entwicklung wurde <a href=\"http:\/\/cms.raumdarstellung.org\/?p=13235\" target=\"_blank\">2012 mit dem ersten Preis<\/a> der Darmst\u00e4dter Stiftung f\u00fcr Technologietransfer ausgezeichnet.<\/p>\n<p class=\"paragraph_style\">In Zusammenarbeit mit deutschen Forschungseinrichtungen f\u00fcr den mittelosteurop\u00e4ischen Kulturraum werden zurzeit mehrere Forschungsprojekte auf dem Gebiet der Darstellung und Aneignung des Unsichtbaren, Unkenntlichen bzw. der zerst\u00f6rten Kulturschichten initiiert und durchgef\u00fchrt.<\/p>\n<p class=\"paragraph_style\">Hierbei handelt es sich um Projekte der Medialisierung des Raumes, bei der verloren Geglaubtes multimedial im Raum (wieder) erfahrbar wird.<\/p>\n<p class=\"paragraph_style\">Ziel ist es, Pr\u00e4sentationsformen f\u00fcr die Forschung zum Thema des Raumes, der Region und ihrer Identit\u00e4t zu konzipieren und in interdisziplin\u00e4rer Zusammenarbeit zu realisieren.<\/p>\n<p class=\"paragraph_style\">Das Institut f\u00fcr Raumdarstellung wird Partner im Netzwerk\u00a0<a title=\"http:\/\/www.europeana.eu\/portal\/\" href=\"http:\/\/www.europeana.eu\/portal\/\">Europeana<\/a>, weil es die Entwicklung von Standards f\u00fcr die Zug\u00e4nglichkeit von Informationen des gebauten Kuturerbes f\u00f6rdert. O. Hauck ist Mitglied der <a href=\"http:\/\/www.digitale-rekonstruktion.info\/\" target=\"_blank\">Arbeitsgruppe digitale Rekonstruktion<\/a> der <a href=\"http:\/\/www.dig-hum.de\/ueber-dhd\" target=\"_blank\">Digital Humanities im deutschsprachigen Raum<\/a>.<\/p>\n<\/div><\/div><div class=\"fusion-one-fourth fusion-layout-column fusion-spacing-yes\" style=\"margin-top:0px;margin-bottom:20px;\"><div class=\"fusion-column-wrapper\"><h2>Semantic Web &amp; 3D<\/h2>\n<div class=\"fusion-sep-clear\"><\/div><div class=\"fusion-separator fusion-full-width-sep sep-none\" style=\"border-color:#e0dede;margin-left: auto;margin-right: auto;margin-top:5px;margin-bottom:5px;\"><\/div><div class=\"accordian fusion-accordian\"><div class=\"panel-group\" id=\"accordion-13540-1\"><div class=\"fusion-panel panel-default\"><div class=\"panel-heading\"><h4 class=\"panel-title toggle\"><a data-toggle=\"collapse\" data-parent=\"#accordion-13540-1\" data-target=\"#a887c4dd35496c783\" href=\"#a887c4dd35496c783\"><i class=\"fa-fusion-box\"><\/i><div class=\"fusion-toggle-heading\">CHML<\/div><\/a><\/h4><\/div><div id=\"a887c4dd35496c783\" class=\"panel-collapse collapse \"><div class=\"panel-body toggle-content\">Cultural Heritage Markup Language<br \/>\n<div class=\"fusion-sep-clear\"><\/div><div class=\"fusion-separator fusion-full-width-sep sep-none\" style=\"border-color:#e0dede;margin-left: auto;margin-right: auto;margin-top:10px;\"><\/div><div class=\"fusion-button-wrapper fusion-alignleft\"><style type=\"text\/css\" scoped=\"scoped\">.fusion-button.button-1{border-width:1px;color:#ffffff;border-color:#ffffff;}.fusion-button.button-1.button-3d{-webkit-box-shadow: inset 0px 1px 0px #fff,0px 2px 0px #397bb5,1px 4px 4px 2px rgba(0,0,0,0.3);-moz-box-shadow: inset 0px 1px 0px #fff,0px 2px 0px #397bb5,1px 4px 4px 2px rgba(0,0,0,0.3);box-shadow: inset 0px 1px 0px #fff,0px 2px 0px #397bb5,1px 4px 4px 2px rgba(0,0,0,0.3);}.button-1.button-3d:active{-webkit-box-shadow: inset 0px 1px 0px #fff,0px 2px 0px #397bb5,1px 4px 4px 2px rgba(0,0,0,0.3);-moz-box-shadow: inset 0px 1px 0px #fff,0px 2px 0px #397bb5,1px 4px 4px 2px rgba(0,0,0,0.3);box-shadow: inset 0px 1px 0px #fff,0px 2px 0px #397bb5,1px 4px 4px 2px rgba(0,0,0,0.3);}.fusion-button.button-1:hover,.fusion-button.button-1:focus,.fusion-button.button-1:active{border-width:1px;border-color:#000000;color:#000000;}.fusion-button.button-1{background: #2295cc;}.fusion-button.button-1:hover,.button-1:focus,.fusion-button.button-1:active{background: #cccccc;}<\/style><a class=\"fusion-button button-3d button-square button-small button-custom button-1\" target=\"_self\" href=\"http:\/\/cms.raumdarstellung.org\/?p=14026\"><span class=\"button-icon-divider-left\"><i class=\"fa fa-arrow-right\"><\/i><\/span><span class=\"fusion-button-text-left\">Mehr erfahren<\/span><\/a><\/div><div class=\"fusion-sep-clear\"><\/div><div class=\"fusion-separator fusion-full-width-sep sep-none\" style=\"border-color:#e0dede;margin-left: auto;margin-right: auto;margin-top:15px;\"><\/div><\/div><\/div><\/div><div class=\"fusion-panel panel-default\"><div class=\"panel-heading\"><h4 class=\"panel-title toggle\"><a data-toggle=\"collapse\" data-parent=\"#accordion-13540-1\" data-target=\"#4d33bbca2b6209f7c\" href=\"#4d33bbca2b6209f7c\"><i class=\"fa-fusion-box\"><\/i><div class=\"fusion-toggle-heading\">WIssKIsour<\/div><\/a><\/h4><\/div><div id=\"4d33bbca2b6209f7c\" class=\"panel-collapse collapse \"><div class=\"panel-body toggle-content\">WisKisour ist eine Webontologie, die auf CHML basiert und CIDOC CRM als Referenzontologie verwendet.<br \/>\n<div class=\"fusion-sep-clear\"><\/div><div class=\"fusion-separator fusion-full-width-sep sep-none\" style=\"border-color:#e0dede;margin-left: auto;margin-right: auto;margin-top:10px;\"><\/div><div class=\"fusion-button-wrapper fusion-alignleft\"><style type=\"text\/css\" scoped=\"scoped\">.fusion-button.button-2{border-width:1px;color:#ffffff;border-color:#ffffff;}.fusion-button.button-2.button-3d{-webkit-box-shadow: inset 0px 1px 0px #fff,0px 2px 0px #397bb5,1px 4px 4px 2px rgba(0,0,0,0.3);-moz-box-shadow: inset 0px 1px 0px #fff,0px 2px 0px #397bb5,1px 4px 4px 2px rgba(0,0,0,0.3);box-shadow: inset 0px 1px 0px #fff,0px 2px 0px #397bb5,1px 4px 4px 2px rgba(0,0,0,0.3);}.button-2.button-3d:active{-webkit-box-shadow: inset 0px 1px 0px #fff,0px 2px 0px #397bb5,1px 4px 4px 2px rgba(0,0,0,0.3);-moz-box-shadow: inset 0px 1px 0px #fff,0px 2px 0px #397bb5,1px 4px 4px 2px rgba(0,0,0,0.3);box-shadow: inset 0px 1px 0px #fff,0px 2px 0px #397bb5,1px 4px 4px 2px rgba(0,0,0,0.3);}.fusion-button.button-2:hover,.fusion-button.button-2:focus,.fusion-button.button-2:active{border-width:1px;border-color:#000000;color:#000000;}.fusion-button.button-2{background: #2295cc;}.fusion-button.button-2:hover,.button-2:focus,.fusion-button.button-2:active{background: #cccccc;}<\/style><a class=\"fusion-button button-3d button-square button-small button-custom button-2\" target=\"_self\" href=\"http:\/\/cms.raumdarstellung.org\/?p=14025\"><span class=\"button-icon-divider-left\"><i class=\"fa fa-arrow-right\"><\/i><\/span><span class=\"fusion-button-text-left\">Mehr erfahren<\/span><\/a><\/div><div class=\"fusion-sep-clear\"><\/div><div class=\"fusion-separator fusion-full-width-sep sep-none\" style=\"border-color:#e0dede;margin-left: auto;margin-right: auto;margin-top:15px;\"><\/div><\/div><\/div><\/div><\/div><\/div><\/div><\/div><div class=\"fusion-one-fourth fusion-layout-column fusion-column-last fusion-spacing-yes\" style=\"margin-top:0px;margin-bottom:20px;\"><div class=\"fusion-column-wrapper\"><h2>Technologien f\u00fcr Exponate und Aufma\u00df<\/h2>\n<div class=\"fusion-sep-clear\"><\/div><div class=\"fusion-separator fusion-full-width-sep sep-none\" style=\"border-color:#e0dede;margin-left: auto;margin-right: auto;margin-top:5px;margin-bottom:5px;\"><\/div><div class=\"accordian fusion-accordian\"><div class=\"panel-group\" id=\"accordion-13540-2\"><div class=\"fusion-panel panel-default\"><div class=\"panel-heading\"><h4 class=\"panel-title toggle\"><a data-toggle=\"collapse\" data-parent=\"#accordion-13540-2\" data-target=\"#cb84a5453efcd1237\" href=\"#cb84a5453efcd1237\"><i class=\"fa-fusion-box\"><\/i><div class=\"fusion-toggle-heading\">HDR Leuchtbox<\/div><\/a><\/h4><\/div><div id=\"cb84a5453efcd1237\" class=\"panel-collapse collapse \"><div class=\"panel-body toggle-content\">HDR Leuchtbox als Exponat zur realistischen Abbildungen des vollen Kontrastumfangs von Innenr\u00e4umen.<br \/>\n<div class=\"fusion-sep-clear\"><\/div><div class=\"fusion-separator fusion-full-width-sep sep-none\" style=\"border-color:#e0dede;margin-left: auto;margin-right: auto;margin-top:10px;\"><\/div><div class=\"fusion-button-wrapper fusion-alignleft\"><style type=\"text\/css\" scoped=\"scoped\">.fusion-button.button-3{border-width:1px;color:#ffffff;border-color:#ffffff;}.fusion-button.button-3.button-3d{-webkit-box-shadow: inset 0px 1px 0px #fff,0px 2px 0px #397bb5,1px 4px 4px 2px rgba(0,0,0,0.3);-moz-box-shadow: inset 0px 1px 0px #fff,0px 2px 0px #397bb5,1px 4px 4px 2px rgba(0,0,0,0.3);box-shadow: inset 0px 1px 0px #fff,0px 2px 0px #397bb5,1px 4px 4px 2px rgba(0,0,0,0.3);}.button-3.button-3d:active{-webkit-box-shadow: inset 0px 1px 0px #fff,0px 2px 0px #397bb5,1px 4px 4px 2px rgba(0,0,0,0.3);-moz-box-shadow: inset 0px 1px 0px #fff,0px 2px 0px #397bb5,1px 4px 4px 2px rgba(0,0,0,0.3);box-shadow: inset 0px 1px 0px #fff,0px 2px 0px #397bb5,1px 4px 4px 2px rgba(0,0,0,0.3);}.fusion-button.button-3:hover,.fusion-button.button-3:focus,.fusion-button.button-3:active{border-width:1px;border-color:#000000;color:#000000;}.fusion-button.button-3{background: #2295cc;}.fusion-button.button-3:hover,.button-3:focus,.fusion-button.button-3:active{background: #cccccc;}<\/style><a class=\"fusion-button button-3d button-square button-small button-custom button-3\" target=\"_self\" href=\"http:\/\/cms.raumdarstellung.org\/?p=14027\"><span class=\"button-icon-divider-left\"><i class=\"fa fa-arrow-right\"><\/i><\/span><span class=\"fusion-button-text-left\">Mehr erfahren<\/span><\/a><\/div><div class=\"fusion-sep-clear\"><\/div><div class=\"fusion-separator fusion-full-width-sep sep-none\" style=\"border-color:#e0dede;margin-left: auto;margin-right: auto;margin-top:15px;\"><\/div><\/div><\/div><\/div><div class=\"fusion-panel panel-default\"><div class=\"panel-heading\"><h4 class=\"panel-title toggle\"><a data-toggle=\"collapse\" data-parent=\"#accordion-13540-2\" data-target=\"#31c4f09acf699853f\" href=\"#31c4f09acf699853f\"><i class=\"fa-fusion-box\"><\/i><div class=\"fusion-toggle-heading\">Rapid Prototyping<\/div><\/a><\/h4><\/div><div id=\"31c4f09acf699853f\" class=\"panel-collapse collapse \"><div class=\"panel-body toggle-content\">Das IfR verf\u00fcgt \u00fcber eine zehnj\u00e4hrige Expertise zur Aufbereitung von 3D-Daten f\u00fcr Rapid Prototyping Anwendungen.<br \/>\n<!--&#091;separator style_type=\"none\" top_margin=\"10\" bottom_margin=\"0\" sep_color=\"\" icon=\"\" width=\"\" class=\"\" id=\"\"&#093;&#091;button link=\"\" color=\"custom\" size=\"small\" type=\"3d\" shape=\"square\" target=\"_self\" title=\"\" gradient_colors=\"#2295cc|#2295cc\" gradient_hover_colors=\"#cccccc|#cccccc\" accent_color=\"#ffffff\" accent_hover_color=\"#000000\" bevel_color=\"\" border_width=\"1px\" shadow=\"\" icon=\"fa-arrow-right\" icon_divider=\"yes\" icon_position=\"left\" modal=\"\" animation_type=\"0\" animation_direction=\"down\" animation_speed=\"0.1\" alignment=\"left\" class=\"\" id=\"\"&#093;Mehr erfahren&#091;\/button&#093;&#091;separator style_type=\"none\" top_margin=\"15\" bottom_margin=\"0\" sep_color=\"\" icon=\"\" width=\"\" class=\"\" id=\"\"&#093;--><\/div><\/div><\/div><div class=\"fusion-panel panel-default\"><div class=\"panel-heading\"><h4 class=\"panel-title toggle\"><a data-toggle=\"collapse\" data-parent=\"#accordion-13540-2\" data-target=\"#30c59d93722264d27\" href=\"#30c59d93722264d27\"><i class=\"fa-fusion-box\"><\/i><div class=\"fusion-toggle-heading\">SFM Colour Management<\/div><\/a><\/h4><\/div><div id=\"30c59d93722264d27\" class=\"panel-collapse collapse \"><div class=\"panel-body toggle-content\">SFM basierte 3D Modelle mit farbechten Texturen.<br \/>\n<!--&#091;separator style_type=\"none\" top_margin=\"10\" bottom_margin=\"0\" sep_color=\"\" icon=\"\" width=\"\" class=\"\" id=\"\"&#093;&#091;button link=\"\" color=\"custom\" size=\"small\" type=\"3d\" shape=\"square\" target=\"_self\" title=\"\" gradient_colors=\"#2295cc|#2295cc\" gradient_hover_colors=\"#cccccc|#cccccc\" accent_color=\"#ffffff\" accent_hover_color=\"#000000\" bevel_color=\"\" border_width=\"1px\" shadow=\"\" icon=\"fa-arrow-right\" icon_divider=\"yes\" icon_position=\"left\" modal=\"\" animation_type=\"0\" animation_direction=\"down\" animation_speed=\"0.1\" alignment=\"left\" class=\"\" id=\"\"&#093;Mehr erfahren&#091;\/button&#093;&#091;separator style_type=\"none\" top_margin=\"15\" bottom_margin=\"0\" sep_color=\"\" icon=\"\" width=\"\" class=\"\" id=\"\"&#093;--><\/div><\/div><\/div><\/div><\/div><\/div><\/div><div class=\"fusion-clearfix\"><\/div><\/div><\/div><div class=\"fusion-fullwidth fullwidth-box fusion-parallax-fixed faded-background\" style=\"border-color:#eae9e9;border-bottom-width: 0px;border-top-width: 0px;border-bottom-style: solid;border-top-style: solid;padding-bottom:20px;padding-left:0px;padding-right:0px;padding-top:75px;background-attachment:fixed;background-color:#333333;background-position:left top;background-repeat:repeat;\"><div class=\"fullwidth-faded\" style=\"background-attachment:fixed;background-color:#333333;background-position:left top;background-repeat:repeat;\"><\/div><div class=\"fusion-row\"><div class=\"fusion-one-fourth fusion-layout-column fusion-spacing-yes\" style=\"margin-top:0px;margin-bottom:20px;\"><div class=\"fusion-column-wrapper\"><\/div><\/div><div class=\"fusion-one-half fusion-layout-column fusion-spacing-yes\" style=\"margin-top:0px;margin-bottom:20px;\"><div class=\"fusion-column-wrapper\"><h1 style=\"text-align: center;\"><span style=\"color: #ffffff;\">Partner in Forschungsprojekten<\/span><\/h1>\n<div class=\"fusion-sep-clear\"><\/div><div class=\"fusion-separator sep-none\" style=\"border-color:#e0dede;margin-left: auto;margin-right: auto;margin-top:15px;margin-bottom:15px;width:100%;max-width:200px;\"><\/div><h3 style=\"text-align: center;\"><span style=\"color: #ffffff;\">Beratung<\/span><\/h3>\n<p style=\"text-align: center;\"><span style=\"color: #ffffff;\">Profitieren Sie von unserer Expertise bei der Antragstellung von Projekten mit Raumbezug.<\/span><\/p>\n<div class=\"fusion-sep-clear\"><\/div><div class=\"fusion-separator sep-single\" style=\"border-color:#e0e0e0;border-top-width:1px;margin-left: auto;margin-right: auto;margin-top:40px;margin-bottom:45px;width:100%;max-width:200px;\"><\/div><h3 style=\"text-align: center;\"><span style=\"color: #ffffff;\">Forschungsdienstleistungen<\/span><\/h3>\n<p style=\"text-align: center;\"><span style=\"color: #ffffff;\">Wir erbringen s\u00e4mtliche Dienstleistungen rund um raumbezogenes Content Management sowie alle Arten von Aufma\u00df- und Dokumentationsdienstleistungen.<\/span><\/p>\n<div class=\"fusion-sep-clear\"><\/div><div class=\"fusion-separator sep-single\" style=\"border-color:#e0e0e0;border-top-width:1px;margin-left: auto;margin-right: auto;margin-top:40px;margin-bottom:45px;width:100%;max-width:200px;\"><\/div><h3 style=\"text-align: center;\"><span style=\"color: #ffffff;\">Projektpartnerschaft<\/span><\/h3>\n<p style=\"text-align: center;\"><span style=\"color: #ffffff;\">Unsere Mittel sind Ihre Drittmittel. Da wir selbst nicht als Antragsteller agieren, sind unsere Mittel Ihre Drittmittel.<\/span><\/p>\n<\/div><\/div><div class=\"fusion-one-fourth fusion-layout-column fusion-column-last fusion-spacing-yes\" style=\"margin-top:0px;margin-bottom:20px;\"><div class=\"fusion-column-wrapper\"><\/div><\/div><div class=\"fusion-clearfix\"><\/div><\/div><\/div><div class=\"fusion-fullwidth fullwidth-box fusion-parallax-fixed\" style=\"border-color:#e5e4e4;border-bottom-width: 0px;border-top-width: 0px;border-bottom-style: solid;border-top-style: solid;padding-bottom:15px;padding-left:0px;padding-right:0px;padding-top:35px;background-attachment:fixed;background-color:#2295cc;background-position:left top;background-repeat:no-repeat;-webkit-background-size:cover;-moz-background-size:cover;-o-background-size:cover;background-size:cover;\"><div class=\"fusion-row\"><div class=\"fusion-one-third one_third fusion-layout-column fusion-spacing-yes\" style=\"margin-top:0px;margin-bottom:20px;\"><div class=\"fusion-column-wrapper\" style=\"border:0px solid #2295cc;\"><div class=\"fusion-sep-clear\"><\/div><div class=\"fusion-separator fusion-full-width-sep sep-double\" style=\"border-color:#ffffff;border-top-width:1px;border-bottom-width:1px;margin-left: auto;margin-right: auto;margin-top:25px;margin-bottom:25px;\"><\/div><\/div><\/div><div class=\"fusion-one-third one_third fusion-layout-column fusion-spacing-yes\" style=\"margin-top:0px;margin-bottom:20px;\"><div class=\"fusion-column-wrapper\"><div class=\"fusion-button-wrapper fusion-aligncenter\"><style type=\"text\/css\" scoped=\"scoped\">.fusion-button.button-4{border-width:2px;color:#ffffff;border-color:#ffffff;}.fusion-button.button-4:hover,.fusion-button.button-4:focus,.fusion-button.button-4:active{border-width:2px;border-color:#000000;color:#000000;}.fusion-button.button-4{background: transparent;}.fusion-button.button-4:hover,.button-4:focus,.fusion-button.button-4:active{background: rgba(255, 255, 255, 0.09);}<\/style><a class=\"fusion-button button-flat button-round button-xlarge button-custom button-4 fusion-animated\" data-animationType=\"bounce\" data-animationDuration=\"1\" target=\"_blank\" href=\"mailto:info@raumdarstellung.org\"><span class=\"button-icon-divider-left\"><i class=\"fa fa-envelope-o\"><\/i><\/span><span class=\"fusion-button-text-left\">Kontaktieren Sie uns!<\/span><\/a><\/div><\/div><\/div><div class=\"fusion-one-third one_third fusion-layout-column fusion-column-last fusion-spacing-yes\" style=\"margin-top:0px;margin-bottom:20px;\"><div class=\"fusion-column-wrapper\" style=\"border:0px solid #2295cc;\"><div class=\"fusion-sep-clear\"><\/div><div class=\"fusion-separator fusion-full-width-sep sep-double\" style=\"border-color:#ffffff;border-top-width:1px;border-bottom-width:1px;margin-left: auto;margin-right: auto;margin-top:25px;margin-bottom:25px;\"><\/div><\/div><\/div><div class=\"fusion-clearfix\"><\/div><\/div><\/div><div class=\"fusion-sep-clear\"><\/div><div class=\"fusion-separator fusion-full-width-sep sep-none\" style=\"border-color:#e0dede;margin-left: auto;margin-right: auto;margin-top:px;margin-bottom:-45px;\"><\/div>\n","protected":false},"excerpt":{"rendered":"","protected":false},"author":1,"featured_media":0,"parent":0,"menu_order":0,"comment_status":"closed","ping_status":"closed","template":"100-width.php","meta":[],"_links":{"self":[{"href":"http:\/\/cms.raumdarstellung.org\/index.php?rest_route=\/wp\/v2\/pages\/13540"}],"collection":[{"href":"http:\/\/cms.raumdarstellung.org\/index.php?rest_route=\/wp\/v2\/pages"}],"about":[{"href":"http:\/\/cms.raumdarstellung.org\/index.php?rest_route=\/wp\/v2\/types\/page"}],"author":[{"embeddable":true,"href":"http:\/\/cms.raumdarstellung.org\/index.php?rest_route=\/wp\/v2\/users\/1"}],"replies":[{"embeddable":true,"href":"http:\/\/cms.raumdarstellung.org\/index.php?rest_route=%2Fwp%2Fv2%2Fcomments&post=13540"}],"version-history":[{"count":33,"href":"http:\/\/cms.raumdarstellung.org\/index.php?rest_route=\/wp\/v2\/pages\/13540\/revisions"}],"predecessor-version":[{"id":14402,"href":"http:\/\/cms.raumdarstellung.org\/index.php?rest_route=\/wp\/v2\/pages\/13540\/revisions\/14402"}],"wp:attachment":[{"href":"http:\/\/cms.raumdarstellung.org\/index.php?rest_route=%2Fwp%2Fv2%2Fmedia&parent=13540"}],"curies":[{"name":"wp","href":"https:\/\/api.w.org\/{rel}","templated":true}]}}