{"id":13538,"date":"2015-04-13T13:34:48","date_gmt":"2015-04-13T11:34:48","guid":{"rendered":"http:\/\/cms.raumdarstellung.org\/?page_id=13538"},"modified":"2017-01-24T11:58:35","modified_gmt":"2017-01-24T10:58:35","slug":"raumpraesentation","status":"publish","type":"page","link":"http:\/\/cms.raumdarstellung.org\/?page_id=13538","title":{"rendered":"Raumpr\u00e4sentation"},"content":{"rendered":"<div class=\"fusion-fullwidth fullwidth-box fusion-parallax-none\" style=\"border-color:#eae9e9;border-bottom-width: 0px;border-top-width: 0px;border-bottom-style: solid;border-top-style: solid;padding-bottom:0px;padding-left:0px;padding-right:0px;padding-top:0px;background-position:left top;background-repeat:no-repeat;-webkit-background-size:cover;-moz-background-size:cover;-o-background-size:cover;background-size:cover;\"><div class=\"fusion-row\"><div class=\"fusion-slider-sc flexslider\" style=\"max-width:100%;height:100%;\"><ul class=\"slides\"><li class=\"image\"><img src=\"http:\/\/cms.raumdarstellung.org\/wp-content\/uploads\/2015\/04\/EisernerSteg.jpg\" \/><\/li><li class=\"image\"><img src=\"http:\/\/cms.raumdarstellung.org\/wp-content\/uploads\/2015\/04\/Lessing.jpg\" \/><\/li><li class=\"image\"><img src=\"http:\/\/cms.raumdarstellung.org\/wp-content\/uploads\/2015\/04\/castellosforzescocortile.jpg\" \/><\/li><li class=\"image\"><img src=\"http:\/\/cms.raumdarstellung.org\/wp-content\/uploads\/2015\/04\/statetower.jpg\" \/><\/li><li class=\"image\"><img src=\"http:\/\/cms.raumdarstellung.org\/wp-content\/uploads\/2015\/04\/schottlaender.jpg\" \/><\/li><li class=\"image\"><img src=\"http:\/\/cms.raumdarstellung.org\/wp-content\/uploads\/2015\/04\/ottercove.jpg\" \/><\/li><li class=\"image\"><img src=\"http:\/\/cms.raumdarstellung.org\/wp-content\/uploads\/2015\/04\/bielarska.jpg\" \/><\/li><li class=\"image\"><img src=\"http:\/\/cms.raumdarstellung.org\/wp-content\/uploads\/2015\/04\/ermidadesantjoan.jpg\" \/><\/li><li class=\"image\"><img src=\"http:\/\/cms.raumdarstellung.org\/wp-content\/uploads\/2015\/04\/nossasenhoradorosario.jpg\" \/><\/li><\/ul><\/div><\/div><\/div><div class=\"fusion-fullwidth fullwidth-box fusion-parallax-none\" style=\"border-color:#eae9e9;border-bottom-width: 0px;border-top-width: 0px;border-bottom-style: solid;border-top-style: solid;padding-bottom:70px;padding-left:30px;padding-right:30px;padding-top:25px;background-position:left top;background-repeat:no-repeat;-webkit-background-size:cover;-moz-background-size:cover;-o-background-size:cover;background-size:cover;\"><div class=\"fusion-row\"><div class=\"fusion-one-half fusion-layout-column fusion-spacing-yes\" style=\"margin-top:0px;margin-bottom:20px;\"><div class=\"fusion-column-wrapper\"><h2>Raumpr\u00e4sentation<\/h2>\n<p class=\"paragraph_style\">Das Institut f\u00fcr Raumdarstellung bietet aus seinen Profil die ad\u00e4quate Medialiserung des Raumes. Die Erfahrung aus interdisziplin\u00e4ren Forschungsprojekten auf dem Gebiet der medialen Raumdarstellung und Raumvermittlung bildet den Hintergrund bei der Konzeption und Realisierung der zu realisierenden Projekte.<\/p>\n<p class=\"paragraph_style\">Das Spektrum beinhaltet die digitale Panoramafotografie, die Verkn\u00fcpfung der raumbezogenen Information mit den Panoramen, die 3D Computersimulation und Rekonstruktion, die Gestaltung einer multimedialen Raumvermittlung sowie die Entwicklung von Raum darstellenden Ausstellungsexponaten.<\/p>\n<p class=\"paragraph_style\">Ein neues Interessenfeld er\u00f6ffnet sich in der Popularisierung der Smartphones &#8211; Synonym iPhone bzw. iPad &#8211; als Schnittstelle zwischen der realen und digitalen Welt.<\/p>\n<p class=\"paragraph_style\">In der \u201eerweiterten Realit\u00e4t\u201c (<span class=\"style_1\">augmented reality<\/span>) gilt es die Erschlie\u00dfung und Vermittlung des Raumes mit Hilfe der sogenannten Applikationen (Apps) neue Ma\u00dfst\u00e4be zu setzen.<\/p>\n<\/div><\/div><div class=\"fusion-one-fourth fusion-layout-column fusion-spacing-yes\" style=\"margin-top:0px;margin-bottom:20px;\"><div class=\"fusion-column-wrapper\"><h2>Panoramatechnologie<\/h2>\n<div class=\"fusion-sep-clear\"><\/div><div class=\"fusion-separator fusion-full-width-sep sep-none\" style=\"border-color:#e0dede;margin-left: auto;margin-right: auto;margin-top:5px;margin-bottom:5px;\"><\/div><div class=\"accordian fusion-accordian\"><div class=\"panel-group\" id=\"accordion-13538-1\"><div class=\"fusion-panel panel-default\"><div class=\"panel-heading\"><h4 class=\"panel-title toggle\"><a data-toggle=\"collapse\" data-parent=\"#accordion-13538-1\" data-target=\"#16146279d317415af\" href=\"#16146279d317415af\"><i class=\"fa-fusion-box\"><\/i><div class=\"fusion-toggle-heading\">Panoramafotografie<\/div><\/a><\/h4><\/div><div id=\"16146279d317415af\" class=\"panel-collapse collapse \"><div class=\"panel-body toggle-content\">360\u00b0 Bilder als immersive r\u00e4umliches Darstellungsmittel.<div class=\"fusion-sep-clear\"><\/div><div class=\"fusion-separator fusion-full-width-sep sep-none\" style=\"border-color:#e0dede;margin-left: auto;margin-right: auto;margin-top:10px;\"><\/div><div class=\"fusion-button-wrapper fusion-alignleft\"><style type=\"text\/css\" scoped=\"scoped\">.fusion-button.button-1{border-width:1px;color:#ffffff;border-color:#ffffff;}.fusion-button.button-1.button-3d{-webkit-box-shadow: inset 0px 1px 0px #fff,0px 2px 0px #397bb5,1px 4px 4px 2px rgba(0,0,0,0.3);-moz-box-shadow: inset 0px 1px 0px #fff,0px 2px 0px #397bb5,1px 4px 4px 2px rgba(0,0,0,0.3);box-shadow: inset 0px 1px 0px #fff,0px 2px 0px #397bb5,1px 4px 4px 2px rgba(0,0,0,0.3);}.button-1.button-3d:active{-webkit-box-shadow: inset 0px 1px 0px #fff,0px 2px 0px #397bb5,1px 4px 4px 2px rgba(0,0,0,0.3);-moz-box-shadow: inset 0px 1px 0px #fff,0px 2px 0px #397bb5,1px 4px 4px 2px rgba(0,0,0,0.3);box-shadow: inset 0px 1px 0px #fff,0px 2px 0px #397bb5,1px 4px 4px 2px rgba(0,0,0,0.3);}.fusion-button.button-1:hover,.fusion-button.button-1:focus,.fusion-button.button-1:active{border-width:1px;border-color:#000000;color:#000000;}.fusion-button.button-1{background: #2295cc;}.fusion-button.button-1:hover,.button-1:focus,.fusion-button.button-1:active{background: #cccccc;}<\/style><a class=\"fusion-button button-3d button-square button-small button-custom button-1\" target=\"_self\" href=\"http:\/\/cms.raumdarstellung.org\/?p=13891\"><span class=\"button-icon-divider-left\"><i class=\"fa fa-arrow-right\"><\/i><\/span><span class=\"fusion-button-text-left\">Mehr erfahren<\/span><\/a><\/div><div class=\"fusion-sep-clear\"><\/div><div class=\"fusion-separator fusion-full-width-sep sep-none\" style=\"border-color:#e0dede;margin-left: auto;margin-right: auto;margin-top:15px;\"><\/div><\/div><\/div><\/div><div class=\"fusion-panel panel-default\"><div class=\"panel-heading\"><h4 class=\"panel-title toggle\"><a data-toggle=\"collapse\" data-parent=\"#accordion-13538-1\" data-target=\"#8c4cabb2dab6c7127\" href=\"#8c4cabb2dab6c7127\"><i class=\"fa-fusion-box\"><\/i><div class=\"fusion-toggle-heading\">Virtuelle Rundg\u00e4nge<\/div><\/a><\/h4><\/div><div id=\"8c4cabb2dab6c7127\" class=\"panel-collapse collapse \"><div class=\"panel-body toggle-content\">\n<p>Semantische Anreicherung der Panoramen und Erstellung virtueller Rundg\u00e4nge.<br \/>\n<div class=\"fusion-sep-clear\"><\/div><div class=\"fusion-separator fusion-full-width-sep sep-none\" style=\"border-color:#e0dede;margin-left: auto;margin-right: auto;margin-top:10px;\"><\/div><div class=\"fusion-button-wrapper fusion-alignleft\"><style type=\"text\/css\" scoped=\"scoped\">.fusion-button.button-2{border-width:1px;color:#ffffff;border-color:#ffffff;}.fusion-button.button-2.button-3d{-webkit-box-shadow: inset 0px 1px 0px #fff,0px 2px 0px #397bb5,1px 4px 4px 2px rgba(0,0,0,0.3);-moz-box-shadow: inset 0px 1px 0px #fff,0px 2px 0px #397bb5,1px 4px 4px 2px rgba(0,0,0,0.3);box-shadow: inset 0px 1px 0px #fff,0px 2px 0px #397bb5,1px 4px 4px 2px rgba(0,0,0,0.3);}.button-2.button-3d:active{-webkit-box-shadow: inset 0px 1px 0px #fff,0px 2px 0px #397bb5,1px 4px 4px 2px rgba(0,0,0,0.3);-moz-box-shadow: inset 0px 1px 0px #fff,0px 2px 0px #397bb5,1px 4px 4px 2px rgba(0,0,0,0.3);box-shadow: inset 0px 1px 0px #fff,0px 2px 0px #397bb5,1px 4px 4px 2px rgba(0,0,0,0.3);}.fusion-button.button-2:hover,.fusion-button.button-2:focus,.fusion-button.button-2:active{border-width:1px;border-color:#000000;color:#000000;}.fusion-button.button-2{background: #2295cc;}.fusion-button.button-2:hover,.button-2:focus,.fusion-button.button-2:active{background: #cccccc;}<\/style><a class=\"fusion-button button-3d button-square button-small button-custom button-2\" target=\"_self\" href=\"http:\/\/cms.raumdarstellung.org\/?p=14010\"><span class=\"button-icon-divider-left\"><i class=\"fa fa-arrow-right\"><\/i><\/span><span class=\"fusion-button-text-left\">Mehr erfahren<\/span><\/a><\/div><div class=\"fusion-sep-clear\"><\/div><div class=\"fusion-separator fusion-full-width-sep sep-none\" style=\"border-color:#e0dede;margin-left: auto;margin-right: auto;margin-top:15px;\"><\/div>\n<\/div><\/div><\/div><\/div><\/div><\/div><\/div><div class=\"fusion-one-fourth fusion-layout-column fusion-column-last fusion-spacing-yes\" style=\"margin-top:0px;margin-bottom:20px;\"><div class=\"fusion-column-wrapper\"><h2>3D Pr\u00e4sentation<\/h2>\n<div class=\"fusion-sep-clear\"><\/div><div class=\"fusion-separator fusion-full-width-sep sep-none\" style=\"border-color:#e0dede;margin-left: auto;margin-right: auto;margin-top:5px;margin-bottom:5px;\"><\/div><div class=\"accordian fusion-accordian\"><div class=\"panel-group\" id=\"accordion-13538-2\"><div class=\"fusion-panel panel-default\"><div class=\"panel-heading\"><h4 class=\"panel-title toggle\"><a data-toggle=\"collapse\" data-parent=\"#accordion-13538-2\" data-target=\"#b70069a5ebdd2dbd6\" href=\"#b70069a5ebdd2dbd6\"><i class=\"fa-fusion-box\"><\/i><div class=\"fusion-toggle-heading\">Web 3D<\/div><\/a><\/h4><\/div><div id=\"b70069a5ebdd2dbd6\" class=\"panel-collapse collapse \"><div class=\"panel-body toggle-content\">Webf\u00e4hige semantische 3D Umgebungen f\u00fcr virtuelle Museen und Ausstellungen, Standort- und Objektmarketing.<br \/>\n<div class=\"fusion-sep-clear\"><\/div><div class=\"fusion-separator fusion-full-width-sep sep-none\" style=\"border-color:#e0dede;margin-left: auto;margin-right: auto;margin-top:10px;\"><\/div><div class=\"fusion-button-wrapper fusion-alignleft\"><style type=\"text\/css\" scoped=\"scoped\">.fusion-button.button-3{border-width:1px;color:#ffffff;border-color:#ffffff;}.fusion-button.button-3.button-3d{-webkit-box-shadow: inset 0px 1px 0px #fff,0px 2px 0px #397bb5,1px 4px 4px 2px rgba(0,0,0,0.3);-moz-box-shadow: inset 0px 1px 0px #fff,0px 2px 0px #397bb5,1px 4px 4px 2px rgba(0,0,0,0.3);box-shadow: inset 0px 1px 0px #fff,0px 2px 0px #397bb5,1px 4px 4px 2px rgba(0,0,0,0.3);}.button-3.button-3d:active{-webkit-box-shadow: inset 0px 1px 0px #fff,0px 2px 0px #397bb5,1px 4px 4px 2px rgba(0,0,0,0.3);-moz-box-shadow: inset 0px 1px 0px #fff,0px 2px 0px #397bb5,1px 4px 4px 2px rgba(0,0,0,0.3);box-shadow: inset 0px 1px 0px #fff,0px 2px 0px #397bb5,1px 4px 4px 2px rgba(0,0,0,0.3);}.fusion-button.button-3:hover,.fusion-button.button-3:focus,.fusion-button.button-3:active{border-width:1px;border-color:#000000;color:#000000;}.fusion-button.button-3{background: #2295cc;}.fusion-button.button-3:hover,.button-3:focus,.fusion-button.button-3:active{background: #cccccc;}<\/style><a class=\"fusion-button button-3d button-square button-small button-custom button-3\" target=\"_self\"><span class=\"button-icon-divider-left\"><i class=\"fa fa-arrow-right\"><\/i><\/span><span class=\"fusion-button-text-left\">Mehr erfahren<\/span><\/a><\/div><div class=\"fusion-sep-clear\"><\/div><div class=\"fusion-separator fusion-full-width-sep sep-none\" style=\"border-color:#e0dede;margin-left: auto;margin-right: auto;margin-top:15px;\"><\/div><\/div><\/div><\/div><\/div><\/div><\/div><\/div><div class=\"fusion-clearfix\"><\/div><\/div><\/div><div class=\"fusion-fullwidth fullwidth-box fusion-parallax-fixed\" style=\"border-color:#e5e4e4;border-bottom-width: 0px;border-top-width: 0px;border-bottom-style: solid;border-top-style: solid;padding-bottom:15px;padding-left:0px;padding-right:0px;padding-top:35px;background-attachment:fixed;background-color:#2295cc;background-position:left top;background-repeat:no-repeat;-webkit-background-size:cover;-moz-background-size:cover;-o-background-size:cover;background-size:cover;\"><div class=\"fusion-row\"><div class=\"fusion-one-third one_third fusion-layout-column fusion-spacing-yes\" style=\"margin-top:0px;margin-bottom:20px;\"><div class=\"fusion-column-wrapper\" style=\"border:0px solid #2295cc;\"><div class=\"fusion-sep-clear\"><\/div><div class=\"fusion-separator fusion-full-width-sep sep-double\" style=\"border-color:#ffffff;border-top-width:1px;border-bottom-width:1px;margin-left: auto;margin-right: auto;margin-top:25px;margin-bottom:25px;\"><\/div><\/div><\/div><div class=\"fusion-one-third one_third fusion-layout-column fusion-spacing-yes\" style=\"margin-top:0px;margin-bottom:20px;\"><div class=\"fusion-column-wrapper\"><div class=\"fusion-button-wrapper fusion-aligncenter\"><style type=\"text\/css\" scoped=\"scoped\">.fusion-button.button-4{border-width:2px;color:#ffffff;border-color:#ffffff;}.fusion-button.button-4:hover,.fusion-button.button-4:focus,.fusion-button.button-4:active{border-width:2px;border-color:#000000;color:#000000;}.fusion-button.button-4{background: transparent;}.fusion-button.button-4:hover,.button-4:focus,.fusion-button.button-4:active{background: rgba(255, 255, 255, 0.09);}<\/style><a class=\"fusion-button button-flat button-round button-xlarge button-custom button-4 fusion-animated\" data-animationType=\"bounce\" data-animationDuration=\"1\" target=\"_blank\" href=\"mailto:info@raumdarstellung.org\"><span class=\"button-icon-divider-left\"><i class=\"fa fa-envelope-o\"><\/i><\/span><span class=\"fusion-button-text-left\">Kontaktieren Sie uns!<\/span><\/a><\/div><\/div><\/div><div class=\"fusion-one-third one_third fusion-layout-column fusion-column-last fusion-spacing-yes\" style=\"margin-top:0px;margin-bottom:20px;\"><div class=\"fusion-column-wrapper\" style=\"border:0px solid #2295cc;\"><div class=\"fusion-sep-clear\"><\/div><div class=\"fusion-separator fusion-full-width-sep sep-double\" style=\"border-color:#ffffff;border-top-width:1px;border-bottom-width:1px;margin-left: auto;margin-right: auto;margin-top:25px;margin-bottom:25px;\"><\/div><\/div><\/div><div class=\"fusion-clearfix\"><\/div><\/div><\/div><div class=\"fusion-sep-clear\"><\/div><div class=\"fusion-separator fusion-full-width-sep sep-none\" style=\"border-color:#e0dede;margin-left: auto;margin-right: auto;margin-top:px;margin-bottom:-45px;\"><\/div>\n","protected":false},"excerpt":{"rendered":"","protected":false},"author":1,"featured_media":0,"parent":0,"menu_order":0,"comment_status":"closed","ping_status":"closed","template":"100-width.php","meta":[],"_links":{"self":[{"href":"http:\/\/cms.raumdarstellung.org\/index.php?rest_route=\/wp\/v2\/pages\/13538"}],"collection":[{"href":"http:\/\/cms.raumdarstellung.org\/index.php?rest_route=\/wp\/v2\/pages"}],"about":[{"href":"http:\/\/cms.raumdarstellung.org\/index.php?rest_route=\/wp\/v2\/types\/page"}],"author":[{"embeddable":true,"href":"http:\/\/cms.raumdarstellung.org\/index.php?rest_route=\/wp\/v2\/users\/1"}],"replies":[{"embeddable":true,"href":"http:\/\/cms.raumdarstellung.org\/index.php?rest_route=%2Fwp%2Fv2%2Fcomments&post=13538"}],"version-history":[{"count":9,"href":"http:\/\/cms.raumdarstellung.org\/index.php?rest_route=\/wp\/v2\/pages\/13538\/revisions"}],"predecessor-version":[{"id":14610,"href":"http:\/\/cms.raumdarstellung.org\/index.php?rest_route=\/wp\/v2\/pages\/13538\/revisions\/14610"}],"wp:attachment":[{"href":"http:\/\/cms.raumdarstellung.org\/index.php?rest_route=%2Fwp%2Fv2%2Fmedia&parent=13538"}],"curies":[{"name":"wp","href":"https:\/\/api.w.org\/{rel}","templated":true}]}}